{"id":1072,"date":"2026-02-21T14:35:31","date_gmt":"2026-02-21T14:35:31","guid":{"rendered":"https:\/\/ballercode.de\/?page_id=1072"},"modified":"2026-02-21T14:38:29","modified_gmt":"2026-02-21T14:38:29","slug":"allgemeine-geschaeftsbedingungen","status":"publish","type":"page","link":"https:\/\/ballercode.de\/index.php\/allgemeine-geschaeftsbedingungen\/","title":{"rendered":"Allgemeine Gesch\u00e4ftsbedingungen"},"content":{"rendered":"\t\t<div data-elementor-type=\"wp-page\" data-elementor-id=\"1072\" class=\"elementor elementor-1072\" data-elementor-post-type=\"page\">\n\t\t\t\t<div class=\"elementor-element elementor-element-f0c42c8 e-flex e-con-boxed e-con e-parent\" data-id=\"f0c42c8\" data-element_type=\"container\" data-e-type=\"container\">\n\t\t\t\t\t<div class=\"e-con-inner\">\n\t\t\t\t\t<\/div>\n\t\t\t\t<\/div>\n\t\t<div class=\"elementor-element elementor-element-2ec27b60 e-flex e-con-boxed e-con e-parent\" data-id=\"2ec27b60\" data-element_type=\"container\" data-e-type=\"container\" data-settings=\"{&quot;background_background&quot;:&quot;classic&quot;}\">\n\t\t\t\t\t<div class=\"e-con-inner\">\n\t\t<div class=\"elementor-element elementor-element-4f49d32 e-flex e-con-boxed e-con e-child\" data-id=\"4f49d32\" data-element_type=\"container\" data-e-type=\"container\">\n\t\t\t\t\t<div class=\"e-con-inner\">\n\t\t\t\t<div class=\"elementor-element elementor-element-4bcade97 elementor-widget elementor-widget-gum_heading\" data-id=\"4bcade97\" data-element_type=\"widget\" data-e-type=\"widget\" data-widget_type=\"gum_heading.default\">\n\t\t\t\t<div class=\"elementor-widget-container\">\n\t\t\t\t\t<div class=\"gum-widget-title\"><h1 class=\"section-main-title size-default\">Allgemeine Gesch\u00e4ftsbedingungen<\/h1><\/div>\t\t\t\t<\/div>\n\t\t\t\t<\/div>\n\t\t<div class=\"elementor-element elementor-element-2f9ef78f e-con-full e-flex e-con e-child\" data-id=\"2f9ef78f\" data-element_type=\"container\" data-e-type=\"container\">\n\t\t\t\t<div class=\"elementor-element elementor-element-aa54657 elementor-widget__width-auto elementor-widget elementor-widget-gum_heading\" data-id=\"aa54657\" data-element_type=\"widget\" data-e-type=\"widget\" data-widget_type=\"gum_heading.default\">\n\t\t\t\t<div class=\"elementor-widget-container\">\n\t\t\t\t\t<div class=\"gum-widget-title\"><div class=\"section-main-title size-default\"><a href=\"https:\/\/flex.emjecreative.com\/tactico\/template-kit\/home\/\"><span class=\"prefix\"><\/span><span class=\"maintitle\">Home<\/span><span class=\"subfix\"><\/span><\/a><\/div><\/div>\t\t\t\t<\/div>\n\t\t\t\t<\/div>\n\t\t\t\t<div class=\"elementor-element elementor-element-4c1f3ff4 elementor-view-default elementor-widget elementor-widget-icon\" data-id=\"4c1f3ff4\" data-element_type=\"widget\" data-e-type=\"widget\" data-widget_type=\"icon.default\">\n\t\t\t\t\t\t\t<div class=\"elementor-icon-wrapper\">\n\t\t\t<div class=\"elementor-icon\">\n\t\t\t<i aria-hidden=\"true\" class=\"icon icon-right-arrow\"><\/i>\t\t\t<\/div>\n\t\t<\/div>\n\t\t\t\t\t\t<\/div>\n\t\t\t\t<div class=\"elementor-element elementor-element-35cbc737 elementor-widget__width-auto elementor-widget elementor-widget-gum_heading\" data-id=\"35cbc737\" data-element_type=\"widget\" data-e-type=\"widget\" data-widget_type=\"gum_heading.default\">\n\t\t\t\t<div class=\"elementor-widget-container\">\n\t\t\t\t\t<div class=\"gum-widget-title\"><div class=\"section-main-title size-default\">Allgemeine Gesch\u00e4ftsbedingungen<\/div><\/div>\t\t\t\t<\/div>\n\t\t\t\t<\/div>\n\t\t\t\t<\/div>\n\t\t\t\t<div class=\"elementor-element elementor-element-1e8ed77d elementor-widget__width-initial elementor-absolute e-transform elementor-widget elementor-widget-image\" data-id=\"1e8ed77d\" data-element_type=\"widget\" data-e-type=\"widget\" data-settings=\"{&quot;_position&quot;:&quot;absolute&quot;,&quot;_transform_translateX_effect&quot;:{&quot;unit&quot;:&quot;%&quot;,&quot;size&quot;:-50,&quot;sizes&quot;:[]},&quot;_transform_translateX_effect_tablet&quot;:{&quot;unit&quot;:&quot;%&quot;,&quot;size&quot;:&quot;&quot;,&quot;sizes&quot;:[]},&quot;_transform_translateX_effect_mobile&quot;:{&quot;unit&quot;:&quot;%&quot;,&quot;size&quot;:&quot;&quot;,&quot;sizes&quot;:[]},&quot;_transform_translateY_effect&quot;:{&quot;unit&quot;:&quot;%&quot;,&quot;size&quot;:-25,&quot;sizes&quot;:[]},&quot;_transform_translateY_effect_tablet&quot;:{&quot;unit&quot;:&quot;%&quot;,&quot;size&quot;:&quot;&quot;,&quot;sizes&quot;:[]},&quot;_transform_translateY_effect_mobile&quot;:{&quot;unit&quot;:&quot;%&quot;,&quot;size&quot;:&quot;&quot;,&quot;sizes&quot;:[]}}\" data-widget_type=\"image.default\">\n\t\t\t\t\t\t\t\t\t\t\t\t\t\t\t<img fetchpriority=\"high\" decoding=\"async\" width=\"924\" height=\"924\" src=\"https:\/\/ballercode.de\/wp-content\/uploads\/2025\/09\/Ornament-668EUE.png\" class=\"attachment-full size-full wp-image-14\" alt=\"\" srcset=\"https:\/\/ballercode.de\/wp-content\/uploads\/2025\/09\/Ornament-668EUE.png 924w, https:\/\/ballercode.de\/wp-content\/uploads\/2025\/09\/Ornament-668EUE-300x300.png 300w, https:\/\/ballercode.de\/wp-content\/uploads\/2025\/09\/Ornament-668EUE-150x150.png 150w, https:\/\/ballercode.de\/wp-content\/uploads\/2025\/09\/Ornament-668EUE-768x768.png 768w\" sizes=\"(max-width: 924px) 100vw, 924px\" \/>\t\t\t\t\t\t\t\t\t\t\t\t\t\t\t<\/div>\n\t\t\t\t\t<\/div>\n\t\t\t\t<\/div>\n\t\t\t\t\t<\/div>\n\t\t\t\t<\/div>\n\t\t<div class=\"elementor-element elementor-element-7c4bd65f e-flex e-con-boxed e-con e-parent\" data-id=\"7c4bd65f\" data-element_type=\"container\" data-e-type=\"container\">\n\t\t\t\t\t<div class=\"e-con-inner\">\n\t\t<div class=\"elementor-element elementor-element-567d7761 e-con-full e-flex e-con e-child\" data-id=\"567d7761\" data-element_type=\"container\" data-e-type=\"container\" data-settings=\"{&quot;background_background&quot;:&quot;classic&quot;}\">\n\t\t\t\t<div class=\"elementor-element elementor-element-3dc01e8d elementor-widget__width-initial elementor-widget elementor-widget-heading\" data-id=\"3dc01e8d\" data-element_type=\"widget\" data-e-type=\"widget\" data-widget_type=\"heading.default\">\n\t\t\t\t\t<h2 class=\"elementor-heading-title elementor-size-default\">Allgemeine gesch\u00e4ftsbedingungen\n<\/h2>\t\t\t\t<\/div>\n\t\t\t\t<div class=\"elementor-element elementor-element-79123e3 elementor-widget elementor-widget-text-editor\" data-id=\"79123e3\" data-element_type=\"widget\" data-e-type=\"widget\" data-widget_type=\"text-editor.default\">\n\t\t\t\t\t\t\t\t\t<p>Sicherheit. F\u00fcr dich. f\u00fcr uns.<\/p>\t\t\t\t\t\t\t\t<\/div>\n\t\t\t\t<\/div>\n\t\t\t\t\t<\/div>\n\t\t\t\t<\/div>\n\t\t<div class=\"elementor-element elementor-element-2cce325 e-flex e-con-boxed e-con e-parent\" data-id=\"2cce325\" data-element_type=\"container\" data-e-type=\"container\">\n\t\t\t\t\t<div class=\"e-con-inner\">\n\t\t\t\t<div class=\"elementor-element elementor-element-ac72b2a elementor-widget elementor-widget-text-editor\" data-id=\"ac72b2a\" data-element_type=\"widget\" data-e-type=\"widget\" data-widget_type=\"text-editor.default\">\n\t\t\t\t\t\t\t\t\t<p class=\"p1\" style=\"letter-spacing: normal; margin-block-end: 0.9rem; caret-color: #111111; color: #111111;\"><span style=\"color: #ffffff;\"><b>1. Vertragsabschluss: Die Anmeldung zu einem Leistungsprodukt von Baller Code erfolgt durch das Ausf\u00fcllen und Einreichen des Anmeldeformulars auf unserer Website oder durch andere vom Unternehmen bereitgestellte Methoden. Der Vertrag zwischen dem Teilnehmer und Baller Code kommt zustande, wenn der Teilnehmer die Auftragsbest\u00e4tigung erhalten hat.<\/b><\/span><\/p><p class=\"p1\" style=\"letter-spacing: normal; margin-block-end: 0.9rem; caret-color: #111111; color: #111111;\"><span style=\"color: #ffffff;\"><b>2.\u00a0Leistungen:\u00a0Baller Code verpflichtet sich, die im beschriebenen Leistungen zu erbringen. Dies umfasst in der Regel Trainingseinheiten, Verpflegung und Ausstattung.\u00a0<\/b><\/span><\/p><p class=\"p1\" style=\"letter-spacing: normal; margin-block-end: 0.9rem; caret-color: #111111; color: #111111;\"><span style=\"color: #ffffff;\"><b>3.\u00a0Bezahlung:\u00a0Die Bezahlung der Geb\u00fchren f\u00fcr alle Baller Code Leistungen erfolgt durch \u00dcberweisung.\u00a0<\/b><\/span><\/p><p class=\"p1\" style=\"letter-spacing: normal; margin-block-end: 0.9rem; caret-color: #111111; color: #111111;\"><span style=\"color: #ffffff;\"><b>4.\u00a0R\u00fccktritt des Teilnehmers von einem Camp:\u00a0Der Teilnehmer kann die Teilnahme am Camp bis zum Leistungsbeginn schriftlich per Mail an info@ballercode.de unter Angabe eines wichtigen Grundes k\u00fcndigen. Krankheit oder Verletzung sind wichtige Gr\u00fcnde, die durch das Einreichen eines Attests der K\u00fcndigungserkl\u00e4rung beizuf\u00fcgen sind, sp\u00e4testens jedoch innerhalb von 5 Tagen nach Erkl\u00e4rung der K\u00fcndigung nachzureichen. Wird das Camp seitens des Teilnehmers mindestens drei Wochen vor Leistungsbeginn gek\u00fcndigt, werden 25 % Stornogeb\u00fchr erhoben. Bei einer K\u00fcndigung in den letzten drei Wochen bzw. am Tag des Leistungsbeginns betr\u00e4gt die Stornogeb\u00fchr 40 %. Bei unentschuldigtem Nichterscheinen zum Camp besteht kein Anspruch auf Erstattung der Teilnahmegeb\u00fchr. Bei einem krankheits- oder verletzungsbedingten Abbruch oder Ausschluss vom Camp wird die Teilnahmegeb\u00fchr nicht anteilig erstattet.<\/b><\/span><\/p><p class=\"p1\" style=\"letter-spacing: normal; margin-block-end: 0.9rem; caret-color: #111111; color: #111111;\"><span style=\"color: #ffffff;\"><b>5.\u00a0R\u00fccktritt des Teilnehmers von einem Training:\u00a0Der Teilnehmer verpflichtet sich bei einer Nichtteilnahme am Training bis 24 Stunden vor Trainingsbeginn abzumelden.<\/b><\/span><\/p><p class=\"p1\" style=\"letter-spacing: normal; margin-block-end: 0.9rem; caret-color: #111111; color: #111111;\"><span style=\"color: #ffffff;\"><b>6.\u00a0Pflichten des Teilnehmers bei einem Camp und Training:\u00a0Der Teilnehmer ist verpflichtet, den Anweisungen der Trainer\/innen Folge zu leisten. Bei wiederholten oder groben Verst\u00f6\u00dfen gegen die Anweisungen, h\u00e4lt sich Baller Code einen Ausschluss des Teilnehmers vom Camp bzw. Training vor. In diesem Fall ist der Erziehungsberechtigte verpflichtet, den Teilnehmer unverz\u00fcglich vom Camp bzw. Training abzuholen. Der Erziehungsberechtigte stimmt mit der Anmeldung zu, dass der Teilnehmer kranken- und haftpflichtversichert ist, sportlich belastbar und k\u00f6rperlich gesund ist sowie an keiner ansteckenden Krankheit leidet Bei leichten Verletzungen des Teilnehmers, die w\u00e4hrend des Camps bzw. Trainings passieren k\u00f6nnen, erkl\u00e4rt sich der Erziehungsberechtigte damit einverstanden, dass der Teilnehmer von dem Trainer-Team von Baller Code versorgt werden darf.<\/b><\/span><\/p><p class=\"p1\" style=\"letter-spacing: normal; margin-block-end: 0.9rem; caret-color: #111111; color: #111111;\"><span style=\"color: #ffffff;\"><b>7.\u00a0Datenschutz:\u00a0Baller Code verpflichtet sich, die pers\u00f6nlichen Daten der Teilnehmer gem\u00e4\u00df den geltenden Datenschutzbestimmungen zu behandeln. Personenbezogene Daten werden nur f\u00fcr die Zwecke des Fu\u00dfballcamps bzw. Fu\u00dfballtrainings verwendet und nicht an Dritte weitergegeben, es sei denn, dies ist gesetzlich vorgeschrieben oder zur Erf\u00fcllung der Baller Code Leistungen erforderlich.<\/b><\/span><\/p><p class=\"p1\" style=\"letter-spacing: normal; margin-block-end: 0.9rem; caret-color: #111111; color: #111111;\"><span style=\"color: #ffffff;\"><b>8.\u00a0Haftung des Anbieters:\u00a0Baller Code \u00fcbernimmt keine Haftung f\u00fcr Verletzungen, Sch\u00e4den oder Verluste, die w\u00e4hrend des Fu\u00dfballcamps bzw. Fu\u00dfballtrainings auftreten, es sei denn, sie beruhen auf grober Fahrl\u00e4ssigkeit oder Vorsatz seitens des Unternehmens.<\/b><\/span><\/p><p class=\"p1\" style=\"letter-spacing: normal; margin-block-end: 0.9rem; caret-color: #111111; color: #111111;\"><span style=\"color: #ffffff;\"><b>9.\u00a0Versicherungen:\u00a0Es ist verpflichtend, dass alle Teilnehmer \u00fcber eine geeignete Haftpflicht- und Krankenversicherung verf\u00fcgen. Baller Code \u00fcbernimmt keine Haftung f\u00fcr Verletzungen oder Sch\u00e4den, die w\u00e4hrend des Fu\u00dfballcamps bzw. Fu\u00dfballtrainings auftreten.<\/b><\/span><\/p><p class=\"p1\" style=\"letter-spacing: normal; margin-block-end: 0.9rem; caret-color: #111111; color: #111111;\"><span style=\"color: #ffffff;\"><b>10.\u00a0Medizinische Versorgung:\u00a0Baller Code erh\u00e4lt im medizinischen Notfall die Vollmacht der Erziehungsberechtigten f\u00fcr alle notwendigen Schritte, um eine angemessene Behandlung zu veranlassen. Dabei entstehende Kosten werden von den Erziehungsberechtigten \u00fcbernommen. Alle Teilnehmer m\u00fcssen eventuelle medizinische Bedingungen oder Allergien bei der Anmeldung wahrheitsgem\u00e4\u00df angeben.<\/b><\/span><\/p><p class=\"p1\" style=\"letter-spacing: normal; margin-block-end: 0.9rem; caret-color: #111111; color: #111111;\"><span style=\"color: #ffffff;\"><b>11.\u00a0R\u00fccktritt und K\u00fcndigung durch den Anbieter:\u00a0Baller Code beh\u00e4lt sich das Recht vor, ein Fu\u00dfballcamp bzw. Fu\u00dfballtraining aus wichtigen Gr\u00fcnden abzusagen oder zu beenden. In diesem Fall werden bereits gezahlte Geb\u00fchren erstattet, jedoch \u00fcbernimmt Baller Code keine weiteren Haftungen oder Kosten.<\/b><\/span><\/p><p class=\"p1\" style=\"letter-spacing: normal; margin-block-end: 0.9rem; caret-color: #111111; color: #111111;\"><span style=\"color: #ffffff;\"><b>12.\u00a0Foto- und Videorechte: Baller Code beh\u00e4lt sich das Recht vor, w\u00e4hrend des Fu\u00dfballcamps bzw. Fu\u00dfballtrainings Fotos und Videos aufzunehmen. Diese sind zur Steigerung des Bekanntheitsgrades und F\u00f6rderung des positiven Images beabsichtigt und k\u00f6nnen f\u00fcr Werbe- und Marketingzwecke verwendet werden. Mit der Teilnahme am Fu\u00dfballcamp bzw. Fu\u00dfballtraining stimmen die Teilnehmer der Verwendung ihres Bildmaterials zu, dass zu den oben genannten Zwecken Fotos und\u00a0 Videoaufnahmen ver\u00f6ffentlicht werden d\u00fcrfen. Die Einwilligung ist zeitlich und r\u00e4umlich unbeschr\u00e4nkt. Innerhalb der oben genannten Nutzungszwecke stimmt die einwilligende Person auch einer Weitergabe an Dritte (z.B. Partner oder Kunden) zu. Die Nutzungsrechte werden sp\u00e4testens im Zeitpunkt ihrer Entstehung einger\u00e4umt. Zur Aus\u00fcbung des Nutzungsrechtes bedarf es keiner weiteren Zustimmung der einwilligenden Person.<\/b><\/span><\/p><p class=\"p1\" style=\"letter-spacing: normal; margin-block-end: 0.9rem; caret-color: #111111; color: #111111;\"><span style=\"color: #ffffff;\"><b>13.\u00a0Widerrufsrecht Teilnehmer:\u00a0Teilnehmer haben das Recht, innerhalb einer Frist von 10 Tagen ohne Angabe von Gr\u00fcnden vom Vertrag zur\u00fcckzutreten. Die Widerrufsfrist betr\u00e4gt 10 Tage ab dem Tag des Vertragsabschlusses.<\/b><\/span><\/p><p class=\"p1\" style=\"letter-spacing: normal; margin-block-end: 0.9rem; caret-color: #111111; color: #111111;\"><span style=\"color: #ffffff;\"><b>14.\u00a0Gerichtsstand:\u00a0Der Anbieter kann vom Teilnehmer lediglich an dessen Sitz verklagt werden. F\u00fcr eine Klage des Anbieters gegen den Teilnehmer ist der Wohnsitz des Teilnehmers ma\u00dfgeblich, vorausgesetzt die Klage richtet sich nicht gegen Vollkaufleute oder Personen, die keinen allgemeinen Gerichtsstand im Inland haben, oder die nach Abschluss des Vertrages ihren Wohnsitz oder gew\u00f6hnlichen Aufenthaltsort ins Ausland verlegt haben oder deren Wohnsitz oder gew\u00f6hnlicher Aufenthaltsort zum Zeitpunkt der Klageerhebung unbekannt ist. In solchen F\u00e4llen ist der Sitz des Anbieters ma\u00dfgebend.<\/b><\/span><\/p><p class=\"p1\" style=\"letter-spacing: normal; margin-block-end: 0.9rem; caret-color: #111111; color: #111111;\"><span style=\"color: #ffffff;\"><b>15.\u00a0Informationen:\u00a0Baller Code beh\u00e4lt sich das Recht vor, die Teilnehmer \u00fcber wichtige Informationen bez\u00fcglich des Fu\u00dfballcamps bzw. Fu\u00dfballtrainings per E-Mail, per Post, per Handy oder auf der Website zu informieren. Es liegt in der Verantwortung der Teilnehmer, diese Informationen zu lesen und zu beachten\u00a0<\/b><\/span><\/p>\t\t\t\t\t\t\t\t<\/div>\n\t\t\t\t\t<\/div>\n\t\t\t\t<\/div>\n\t\t\t\t<\/div>\n\t\t","protected":false},"excerpt":{"rendered":"<p>Allgemeine Gesch\u00e4ftsbedingungen Home Allgemeine Gesch\u00e4ftsbedingungen Allgemeine gesch\u00e4ftsbedingungen Sicherheit. F\u00fcr dich. f\u00fcr uns. 1. Vertragsabschluss: Die Anmeldung zu einem Leistungsprodukt von Baller Code erfolgt durch das Ausf\u00fcllen und Einreichen des Anmeldeformulars auf unserer Website oder durch andere vom Unternehmen bereitgestellte Methoden. Der Vertrag zwischen dem Teilnehmer und Baller Code kommt zustande, wenn der Teilnehmer die Auftragsbest\u00e4tigung [&hellip;]<\/p>\n","protected":false},"author":2,"featured_media":0,"parent":0,"menu_order":0,"comment_status":"closed","ping_status":"closed","template":"","meta":{"footnotes":""},"class_list":["post-1072","page","type-page","status-publish","hentry"],"yoast_head":"<!-- This site is optimized with the Yoast SEO plugin v27.3 - https:\/\/yoast.com\/product\/yoast-seo-wordpress\/ -->\n<title>Allgemeine Gesch\u00e4ftsbedingungen - Baller Code<\/title>\n<meta name=\"robots\" content=\"index, follow, max-snippet:-1, max-image-preview:large, max-video-preview:-1\" \/>\n<link rel=\"canonical\" href=\"https:\/\/ballercode.de\/index.php\/allgemeine-geschaeftsbedingungen\/\" \/>\n<meta property=\"og:locale\" content=\"de_DE\" \/>\n<meta property=\"og:type\" content=\"article\" \/>\n<meta property=\"og:title\" content=\"Allgemeine Gesch\u00e4ftsbedingungen - Baller Code\" \/>\n<meta property=\"og:description\" content=\"Allgemeine Gesch\u00e4ftsbedingungen Home Allgemeine Gesch\u00e4ftsbedingungen Allgemeine gesch\u00e4ftsbedingungen Sicherheit. F\u00fcr dich. f\u00fcr uns. 1. Vertragsabschluss: Die Anmeldung zu einem Leistungsprodukt von Baller Code erfolgt durch das Ausf\u00fcllen und Einreichen des Anmeldeformulars auf unserer Website oder durch andere vom Unternehmen bereitgestellte Methoden. Der Vertrag zwischen dem Teilnehmer und Baller Code kommt zustande, wenn der Teilnehmer die Auftragsbest\u00e4tigung [&hellip;]\" \/>\n<meta property=\"og:url\" content=\"https:\/\/ballercode.de\/index.php\/allgemeine-geschaeftsbedingungen\/\" \/>\n<meta property=\"og:site_name\" content=\"Baller Code\" \/>\n<meta property=\"article:modified_time\" content=\"2026-02-21T14:38:29+00:00\" \/>\n<meta property=\"og:image\" content=\"http:\/\/ballercode.de\/wp-content\/uploads\/2025\/09\/Ornament-668EUE.png\" \/>\n<meta name=\"twitter:card\" content=\"summary_large_image\" \/>\n<meta name=\"twitter:label1\" content=\"Gesch\u00e4tzte Lesezeit\" \/>\n\t<meta name=\"twitter:data1\" content=\"1\u00a0Minute\" \/>\n<script type=\"application\/ld+json\" class=\"yoast-schema-graph\">{\"@context\":\"https:\\\/\\\/schema.org\",\"@graph\":[{\"@type\":\"WebPage\",\"@id\":\"https:\\\/\\\/ballercode.de\\\/index.php\\\/allgemeine-geschaeftsbedingungen\\\/\",\"url\":\"https:\\\/\\\/ballercode.de\\\/index.php\\\/allgemeine-geschaeftsbedingungen\\\/\",\"name\":\"Allgemeine Gesch\u00e4ftsbedingungen - Baller Code\",\"isPartOf\":{\"@id\":\"https:\\\/\\\/ballercode.de\\\/#website\"},\"primaryImageOfPage\":{\"@id\":\"https:\\\/\\\/ballercode.de\\\/index.php\\\/allgemeine-geschaeftsbedingungen\\\/#primaryimage\"},\"image\":{\"@id\":\"https:\\\/\\\/ballercode.de\\\/index.php\\\/allgemeine-geschaeftsbedingungen\\\/#primaryimage\"},\"thumbnailUrl\":\"http:\\\/\\\/ballercode.de\\\/wp-content\\\/uploads\\\/2025\\\/09\\\/Ornament-668EUE.png\",\"datePublished\":\"2026-02-21T14:35:31+00:00\",\"dateModified\":\"2026-02-21T14:38:29+00:00\",\"breadcrumb\":{\"@id\":\"https:\\\/\\\/ballercode.de\\\/index.php\\\/allgemeine-geschaeftsbedingungen\\\/#breadcrumb\"},\"inLanguage\":\"de\",\"potentialAction\":[{\"@type\":\"ReadAction\",\"target\":[\"https:\\\/\\\/ballercode.de\\\/index.php\\\/allgemeine-geschaeftsbedingungen\\\/\"]}]},{\"@type\":\"ImageObject\",\"inLanguage\":\"de\",\"@id\":\"https:\\\/\\\/ballercode.de\\\/index.php\\\/allgemeine-geschaeftsbedingungen\\\/#primaryimage\",\"url\":\"https:\\\/\\\/ballercode.de\\\/wp-content\\\/uploads\\\/2025\\\/09\\\/Ornament-668EUE.png\",\"contentUrl\":\"https:\\\/\\\/ballercode.de\\\/wp-content\\\/uploads\\\/2025\\\/09\\\/Ornament-668EUE.png\",\"width\":924,\"height\":924},{\"@type\":\"BreadcrumbList\",\"@id\":\"https:\\\/\\\/ballercode.de\\\/index.php\\\/allgemeine-geschaeftsbedingungen\\\/#breadcrumb\",\"itemListElement\":[{\"@type\":\"ListItem\",\"position\":1,\"name\":\"Startseite\",\"item\":\"https:\\\/\\\/ballercode.de\\\/\"},{\"@type\":\"ListItem\",\"position\":2,\"name\":\"Allgemeine Gesch\u00e4ftsbedingungen\"}]},{\"@type\":\"WebSite\",\"@id\":\"https:\\\/\\\/ballercode.de\\\/#website\",\"url\":\"https:\\\/\\\/ballercode.de\\\/\",\"name\":\"Baller Code\",\"description\":\"\",\"potentialAction\":[{\"@type\":\"SearchAction\",\"target\":{\"@type\":\"EntryPoint\",\"urlTemplate\":\"https:\\\/\\\/ballercode.de\\\/?s={search_term_string}\"},\"query-input\":{\"@type\":\"PropertyValueSpecification\",\"valueRequired\":true,\"valueName\":\"search_term_string\"}}],\"inLanguage\":\"de\"}]}<\/script>\n<!-- \/ Yoast SEO plugin. -->","yoast_head_json":{"title":"Allgemeine Gesch\u00e4ftsbedingungen - Baller Code","robots":{"index":"index","follow":"follow","max-snippet":"max-snippet:-1","max-image-preview":"max-image-preview:large","max-video-preview":"max-video-preview:-1"},"canonical":"https:\/\/ballercode.de\/index.php\/allgemeine-geschaeftsbedingungen\/","og_locale":"de_DE","og_type":"article","og_title":"Allgemeine Gesch\u00e4ftsbedingungen - Baller Code","og_description":"Allgemeine Gesch\u00e4ftsbedingungen Home Allgemeine Gesch\u00e4ftsbedingungen Allgemeine gesch\u00e4ftsbedingungen Sicherheit. F\u00fcr dich. f\u00fcr uns. 1. Vertragsabschluss: Die Anmeldung zu einem Leistungsprodukt von Baller Code erfolgt durch das Ausf\u00fcllen und Einreichen des Anmeldeformulars auf unserer Website oder durch andere vom Unternehmen bereitgestellte Methoden. Der Vertrag zwischen dem Teilnehmer und Baller Code kommt zustande, wenn der Teilnehmer die Auftragsbest\u00e4tigung [&hellip;]","og_url":"https:\/\/ballercode.de\/index.php\/allgemeine-geschaeftsbedingungen\/","og_site_name":"Baller Code","article_modified_time":"2026-02-21T14:38:29+00:00","og_image":[{"url":"http:\/\/ballercode.de\/wp-content\/uploads\/2025\/09\/Ornament-668EUE.png","type":"","width":"","height":""}],"twitter_card":"summary_large_image","twitter_misc":{"Gesch\u00e4tzte Lesezeit":"1\u00a0Minute"},"schema":{"@context":"https:\/\/schema.org","@graph":[{"@type":"WebPage","@id":"https:\/\/ballercode.de\/index.php\/allgemeine-geschaeftsbedingungen\/","url":"https:\/\/ballercode.de\/index.php\/allgemeine-geschaeftsbedingungen\/","name":"Allgemeine Gesch\u00e4ftsbedingungen - Baller Code","isPartOf":{"@id":"https:\/\/ballercode.de\/#website"},"primaryImageOfPage":{"@id":"https:\/\/ballercode.de\/index.php\/allgemeine-geschaeftsbedingungen\/#primaryimage"},"image":{"@id":"https:\/\/ballercode.de\/index.php\/allgemeine-geschaeftsbedingungen\/#primaryimage"},"thumbnailUrl":"http:\/\/ballercode.de\/wp-content\/uploads\/2025\/09\/Ornament-668EUE.png","datePublished":"2026-02-21T14:35:31+00:00","dateModified":"2026-02-21T14:38:29+00:00","breadcrumb":{"@id":"https:\/\/ballercode.de\/index.php\/allgemeine-geschaeftsbedingungen\/#breadcrumb"},"inLanguage":"de","potentialAction":[{"@type":"ReadAction","target":["https:\/\/ballercode.de\/index.php\/allgemeine-geschaeftsbedingungen\/"]}]},{"@type":"ImageObject","inLanguage":"de","@id":"https:\/\/ballercode.de\/index.php\/allgemeine-geschaeftsbedingungen\/#primaryimage","url":"https:\/\/ballercode.de\/wp-content\/uploads\/2025\/09\/Ornament-668EUE.png","contentUrl":"https:\/\/ballercode.de\/wp-content\/uploads\/2025\/09\/Ornament-668EUE.png","width":924,"height":924},{"@type":"BreadcrumbList","@id":"https:\/\/ballercode.de\/index.php\/allgemeine-geschaeftsbedingungen\/#breadcrumb","itemListElement":[{"@type":"ListItem","position":1,"name":"Startseite","item":"https:\/\/ballercode.de\/"},{"@type":"ListItem","position":2,"name":"Allgemeine Gesch\u00e4ftsbedingungen"}]},{"@type":"WebSite","@id":"https:\/\/ballercode.de\/#website","url":"https:\/\/ballercode.de\/","name":"Baller Code","description":"","potentialAction":[{"@type":"SearchAction","target":{"@type":"EntryPoint","urlTemplate":"https:\/\/ballercode.de\/?s={search_term_string}"},"query-input":{"@type":"PropertyValueSpecification","valueRequired":true,"valueName":"search_term_string"}}],"inLanguage":"de"}]}},"_links":{"self":[{"href":"https:\/\/ballercode.de\/index.php\/wp-json\/wp\/v2\/pages\/1072","targetHints":{"allow":["GET"]}}],"collection":[{"href":"https:\/\/ballercode.de\/index.php\/wp-json\/wp\/v2\/pages"}],"about":[{"href":"https:\/\/ballercode.de\/index.php\/wp-json\/wp\/v2\/types\/page"}],"author":[{"embeddable":true,"href":"https:\/\/ballercode.de\/index.php\/wp-json\/wp\/v2\/users\/2"}],"replies":[{"embeddable":true,"href":"https:\/\/ballercode.de\/index.php\/wp-json\/wp\/v2\/comments?post=1072"}],"version-history":[{"count":7,"href":"https:\/\/ballercode.de\/index.php\/wp-json\/wp\/v2\/pages\/1072\/revisions"}],"predecessor-version":[{"id":1081,"href":"https:\/\/ballercode.de\/index.php\/wp-json\/wp\/v2\/pages\/1072\/revisions\/1081"}],"wp:attachment":[{"href":"https:\/\/ballercode.de\/index.php\/wp-json\/wp\/v2\/media?parent=1072"}],"curies":[{"name":"wp","href":"https:\/\/api.w.org\/{rel}","templated":true}]}}