{"id":391,"date":"2025-10-22T15:12:02","date_gmt":"2025-10-22T15:12:02","guid":{"rendered":"https:\/\/ballercode.de\/?page_id=391"},"modified":"2025-10-22T15:17:22","modified_gmt":"2025-10-22T15:17:22","slug":"kickandtalk","status":"publish","type":"page","link":"https:\/\/ballercode.de\/index.php\/kickandtalk\/","title":{"rendered":"Kick &#038; Talk"},"content":{"rendered":"\t\t<div data-elementor-type=\"wp-page\" data-elementor-id=\"391\" class=\"elementor elementor-391\" data-elementor-post-type=\"page\">\n\t\t\t\t<div class=\"elementor-element elementor-element-5c588a2a e-flex e-con-boxed e-con e-parent\" data-id=\"5c588a2a\" data-element_type=\"container\" data-e-type=\"container\" data-settings=\"{&quot;background_background&quot;:&quot;classic&quot;}\">\n\t\t\t\t\t<div class=\"e-con-inner\">\n\t\t<div class=\"elementor-element elementor-element-d88668d e-flex e-con-boxed e-con e-child\" data-id=\"d88668d\" data-element_type=\"container\" data-e-type=\"container\">\n\t\t\t\t\t<div class=\"e-con-inner\">\n\t\t\t\t<div class=\"elementor-element elementor-element-68ca4a23 elementor-widget elementor-widget-gum_heading\" data-id=\"68ca4a23\" data-element_type=\"widget\" data-e-type=\"widget\" data-widget_type=\"gum_heading.default\">\n\t\t\t\t<div class=\"elementor-widget-container\">\n\t\t\t\t\t<div class=\"gum-widget-title\"><h1 class=\"section-main-title size-default\">Kick &#038; Talk<\/h1><\/div>\t\t\t\t<\/div>\n\t\t\t\t<\/div>\n\t\t<div class=\"elementor-element elementor-element-4b8e568b e-con-full e-flex e-con e-child\" data-id=\"4b8e568b\" data-element_type=\"container\" data-e-type=\"container\">\n\t\t\t\t<div class=\"elementor-element elementor-element-52e26505 elementor-widget__width-auto elementor-widget elementor-widget-gum_heading\" data-id=\"52e26505\" data-element_type=\"widget\" data-e-type=\"widget\" data-widget_type=\"gum_heading.default\">\n\t\t\t\t<div class=\"elementor-widget-container\">\n\t\t\t\t\t<div class=\"gum-widget-title\"><div class=\"section-main-title size-default\"><a href=\"https:\/\/flex.emjecreative.com\/tactico\/template-kit\/home\/\"><span class=\"prefix\"><\/span><span class=\"maintitle\">Home<\/span><span class=\"subfix\"><\/span><\/a><\/div><\/div>\t\t\t\t<\/div>\n\t\t\t\t<\/div>\n\t\t\t\t<div class=\"elementor-element elementor-element-275ea218 elementor-view-default elementor-widget elementor-widget-icon\" data-id=\"275ea218\" data-element_type=\"widget\" data-e-type=\"widget\" data-widget_type=\"icon.default\">\n\t\t\t\t\t\t\t<div class=\"elementor-icon-wrapper\">\n\t\t\t<div class=\"elementor-icon\">\n\t\t\t<i aria-hidden=\"true\" class=\"icon icon-right-arrow\"><\/i>\t\t\t<\/div>\n\t\t<\/div>\n\t\t\t\t\t\t<\/div>\n\t\t\t\t<div class=\"elementor-element elementor-element-2c091614 elementor-widget__width-auto elementor-widget elementor-widget-gum_heading\" data-id=\"2c091614\" data-element_type=\"widget\" data-e-type=\"widget\" data-widget_type=\"gum_heading.default\">\n\t\t\t\t<div class=\"elementor-widget-container\">\n\t\t\t\t\t<div class=\"gum-widget-title\"><div class=\"section-main-title size-default\">Kick &#038; Talk<\/div><\/div>\t\t\t\t<\/div>\n\t\t\t\t<\/div>\n\t\t\t\t<\/div>\n\t\t\t\t<div class=\"elementor-element elementor-element-52d5fde0 elementor-widget__width-initial elementor-absolute e-transform elementor-widget elementor-widget-image\" data-id=\"52d5fde0\" data-element_type=\"widget\" data-e-type=\"widget\" data-settings=\"{&quot;_position&quot;:&quot;absolute&quot;,&quot;_transform_translateX_effect&quot;:{&quot;unit&quot;:&quot;%&quot;,&quot;size&quot;:-50,&quot;sizes&quot;:[]},&quot;_transform_translateX_effect_tablet&quot;:{&quot;unit&quot;:&quot;%&quot;,&quot;size&quot;:&quot;&quot;,&quot;sizes&quot;:[]},&quot;_transform_translateX_effect_mobile&quot;:{&quot;unit&quot;:&quot;%&quot;,&quot;size&quot;:&quot;&quot;,&quot;sizes&quot;:[]},&quot;_transform_translateY_effect&quot;:{&quot;unit&quot;:&quot;%&quot;,&quot;size&quot;:-25,&quot;sizes&quot;:[]},&quot;_transform_translateY_effect_tablet&quot;:{&quot;unit&quot;:&quot;%&quot;,&quot;size&quot;:&quot;&quot;,&quot;sizes&quot;:[]},&quot;_transform_translateY_effect_mobile&quot;:{&quot;unit&quot;:&quot;%&quot;,&quot;size&quot;:&quot;&quot;,&quot;sizes&quot;:[]}}\" data-widget_type=\"image.default\">\n\t\t\t\t\t\t\t\t\t\t\t\t\t\t\t<img fetchpriority=\"high\" decoding=\"async\" width=\"924\" height=\"924\" src=\"https:\/\/ballercode.de\/wp-content\/uploads\/2025\/09\/Ornament-668EUE.png\" class=\"attachment-full size-full wp-image-14\" alt=\"\" srcset=\"https:\/\/ballercode.de\/wp-content\/uploads\/2025\/09\/Ornament-668EUE.png 924w, https:\/\/ballercode.de\/wp-content\/uploads\/2025\/09\/Ornament-668EUE-300x300.png 300w, https:\/\/ballercode.de\/wp-content\/uploads\/2025\/09\/Ornament-668EUE-150x150.png 150w, https:\/\/ballercode.de\/wp-content\/uploads\/2025\/09\/Ornament-668EUE-768x768.png 768w\" sizes=\"(max-width: 924px) 100vw, 924px\" \/>\t\t\t\t\t\t\t\t\t\t\t\t\t\t\t<\/div>\n\t\t\t\t\t<\/div>\n\t\t\t\t<\/div>\n\t\t\t\t\t<\/div>\n\t\t\t\t<\/div>\n\t\t<div class=\"elementor-element elementor-element-6f0e4514 e-flex e-con-boxed e-con e-parent\" data-id=\"6f0e4514\" data-element_type=\"container\" data-e-type=\"container\">\n\t\t\t\t\t<div class=\"e-con-inner\">\n\t\t<div class=\"elementor-element elementor-element-667c3804 e-con-full e-flex e-con e-child\" data-id=\"667c3804\" data-element_type=\"container\" data-e-type=\"container\" data-settings=\"{&quot;background_background&quot;:&quot;classic&quot;}\">\n\t\t\t\t<div class=\"elementor-element elementor-element-9d15417 elementor-align-center elementor-widget__width-initial elementor-list-item-link-full_width elementor-widget elementor-widget-icon-list\" data-id=\"9d15417\" data-element_type=\"widget\" data-e-type=\"widget\" data-widget_type=\"icon-list.default\">\n\t\t\t\t\t\t\t<ul class=\"elementor-icon-list-items\">\n\t\t\t\t\t\t\t<li class=\"elementor-icon-list-item\">\n\t\t\t\t\t\t\t\t\t\t\t<span class=\"elementor-icon-list-icon\">\n\t\t\t\t\t\t\t<svg aria-hidden=\"true\" class=\"e-font-icon-svg e-far-hand-point-right\" viewBox=\"0 0 512 512\" xmlns=\"http:\/\/www.w3.org\/2000\/svg\"><path d=\"M428.8 137.6h-86.177a115.52 115.52 0 0 0 2.176-22.4c0-47.914-35.072-83.2-92-83.2-45.314 0-57.002 48.537-75.707 78.784-7.735 12.413-16.994 23.317-25.851 33.253l-.131.146-.129.148C135.662 161.807 127.764 168 120.8 168h-2.679c-5.747-4.952-13.536-8-22.12-8H32c-17.673 0-32 12.894-32 28.8v230.4C0 435.106 14.327 448 32 448h64c8.584 0 16.373-3.048 22.12-8h2.679c28.688 0 67.137 40 127.2 40h21.299c62.542 0 98.8-38.658 99.94-91.145 12.482-17.813 18.491-40.785 15.985-62.791A93.148 93.148 0 0 0 393.152 304H428.8c45.435 0 83.2-37.584 83.2-83.2 0-45.099-38.101-83.2-83.2-83.2zm0 118.4h-91.026c12.837 14.669 14.415 42.825-4.95 61.05 11.227 19.646 1.687 45.624-12.925 53.625 6.524 39.128-10.076 61.325-50.6 61.325H248c-45.491 0-77.21-35.913-120-39.676V215.571c25.239-2.964 42.966-21.222 59.075-39.596 11.275-12.65 21.725-25.3 30.799-39.875C232.355 112.712 244.006 80 252.8 80c23.375 0 44 8.8 44 35.2 0 35.2-26.4 53.075-26.4 70.4h158.4c18.425 0 35.2 16.5 35.2 35.2 0 18.975-16.225 35.2-35.2 35.2zM88 384c0 13.255-10.745 24-24 24s-24-10.745-24-24 10.745-24 24-24 24 10.745 24 24z\"><\/path><\/svg>\t\t\t\t\t\t<\/span>\n\t\t\t\t\t\t\t\t\t\t<span class=\"elementor-icon-list-text\">Wie sieht der Alltag in einem Nachwuchsleistungszentrum eigentlich aus? <\/span>\n\t\t\t\t\t\t\t\t\t<\/li>\n\t\t\t\t\t\t\t\t<li class=\"elementor-icon-list-item\">\n\t\t\t\t\t\t\t\t\t\t\t<span class=\"elementor-icon-list-icon\">\n\t\t\t\t\t\t\t<svg aria-hidden=\"true\" class=\"e-font-icon-svg e-far-hand-point-right\" viewBox=\"0 0 512 512\" xmlns=\"http:\/\/www.w3.org\/2000\/svg\"><path d=\"M428.8 137.6h-86.177a115.52 115.52 0 0 0 2.176-22.4c0-47.914-35.072-83.2-92-83.2-45.314 0-57.002 48.537-75.707 78.784-7.735 12.413-16.994 23.317-25.851 33.253l-.131.146-.129.148C135.662 161.807 127.764 168 120.8 168h-2.679c-5.747-4.952-13.536-8-22.12-8H32c-17.673 0-32 12.894-32 28.8v230.4C0 435.106 14.327 448 32 448h64c8.584 0 16.373-3.048 22.12-8h2.679c28.688 0 67.137 40 127.2 40h21.299c62.542 0 98.8-38.658 99.94-91.145 12.482-17.813 18.491-40.785 15.985-62.791A93.148 93.148 0 0 0 393.152 304H428.8c45.435 0 83.2-37.584 83.2-83.2 0-45.099-38.101-83.2-83.2-83.2zm0 118.4h-91.026c12.837 14.669 14.415 42.825-4.95 61.05 11.227 19.646 1.687 45.624-12.925 53.625 6.524 39.128-10.076 61.325-50.6 61.325H248c-45.491 0-77.21-35.913-120-39.676V215.571c25.239-2.964 42.966-21.222 59.075-39.596 11.275-12.65 21.725-25.3 30.799-39.875C232.355 112.712 244.006 80 252.8 80c23.375 0 44 8.8 44 35.2 0 35.2-26.4 53.075-26.4 70.4h158.4c18.425 0 35.2 16.5 35.2 35.2 0 18.975-16.225 35.2-35.2 35.2zM88 384c0 13.255-10.745 24-24 24s-24-10.745-24-24 10.745-24 24-24 24 10.745 24 24z\"><\/path><\/svg>\t\t\t\t\t\t<\/span>\n\t\t\t\t\t\t\t\t\t\t<span class=\"elementor-icon-list-text\">Was sind die Erwartungen, Chancen und Herausforderungen f\u00fcr ambitionierte Kinder und Jugendliche?<\/span>\n\t\t\t\t\t\t\t\t\t<\/li>\n\t\t\t\t\t\t\t\t<li class=\"elementor-icon-list-item\">\n\t\t\t\t\t\t\t\t\t\t\t<span class=\"elementor-icon-list-icon\">\n\t\t\t\t\t\t\t<svg aria-hidden=\"true\" class=\"e-font-icon-svg e-far-hand-point-right\" viewBox=\"0 0 512 512\" xmlns=\"http:\/\/www.w3.org\/2000\/svg\"><path d=\"M428.8 137.6h-86.177a115.52 115.52 0 0 0 2.176-22.4c0-47.914-35.072-83.2-92-83.2-45.314 0-57.002 48.537-75.707 78.784-7.735 12.413-16.994 23.317-25.851 33.253l-.131.146-.129.148C135.662 161.807 127.764 168 120.8 168h-2.679c-5.747-4.952-13.536-8-22.12-8H32c-17.673 0-32 12.894-32 28.8v230.4C0 435.106 14.327 448 32 448h64c8.584 0 16.373-3.048 22.12-8h2.679c28.688 0 67.137 40 127.2 40h21.299c62.542 0 98.8-38.658 99.94-91.145 12.482-17.813 18.491-40.785 15.985-62.791A93.148 93.148 0 0 0 393.152 304H428.8c45.435 0 83.2-37.584 83.2-83.2 0-45.099-38.101-83.2-83.2-83.2zm0 118.4h-91.026c12.837 14.669 14.415 42.825-4.95 61.05 11.227 19.646 1.687 45.624-12.925 53.625 6.524 39.128-10.076 61.325-50.6 61.325H248c-45.491 0-77.21-35.913-120-39.676V215.571c25.239-2.964 42.966-21.222 59.075-39.596 11.275-12.65 21.725-25.3 30.799-39.875C232.355 112.712 244.006 80 252.8 80c23.375 0 44 8.8 44 35.2 0 35.2-26.4 53.075-26.4 70.4h158.4c18.425 0 35.2 16.5 35.2 35.2 0 18.975-16.225 35.2-35.2 35.2zM88 384c0 13.255-10.745 24-24 24s-24-10.745-24-24 10.745-24 24-24 24 10.745 24 24z\"><\/path><\/svg>\t\t\t\t\t\t<\/span>\n\t\t\t\t\t\t\t\t\t\t<span class=\"elementor-icon-list-text\">Welche Fehler machen Eltern h\u00e4ufiger bei der Unterst\u00fctzung ihrer Kinder? <\/span>\n\t\t\t\t\t\t\t\t\t<\/li>\n\t\t\t\t\t\t<\/ul>\n\t\t\t\t\t\t<\/div>\n\t\t\t\t<div class=\"elementor-element elementor-element-5dd3375 elementor-headline--style-highlight elementor-widget elementor-widget-animated-headline\" data-id=\"5dd3375\" data-element_type=\"widget\" data-e-type=\"widget\" data-settings=\"{&quot;highlighted_text&quot;:&quot;rund um das Thema Nachwuchsf\\u00f6rderung &quot;,&quot;headline_style&quot;:&quot;highlight&quot;,&quot;marker&quot;:&quot;circle&quot;,&quot;highlight_animation_duration&quot;:1200}\" data-widget_type=\"animated-headline.default\">\n\t\t\t\t\t\t\t<h3 class=\"elementor-headline\">\n\t\t\t\t\t<span class=\"elementor-headline-plain-text elementor-headline-text-wrapper\">Diese und weitere exklusive Inhalte und spannende Gespr\u00e4che mit Expertinnen und Experten <\/span>\n\t\t\t\t<span class=\"elementor-headline-dynamic-wrapper elementor-headline-text-wrapper\">\n\t\t\t\t\t<span class=\"elementor-headline-dynamic-text elementor-headline-text-active\">rund um das Thema Nachwuchsf\u00f6rderung <\/span>\n\t\t\t\t<\/span>\n\t\t\t\t\t<span class=\"elementor-headline-plain-text elementor-headline-text-wrapper\">findet ihr schon bald hier<\/span>\n\t\t\t\t\t<\/h3>\n\t\t\t\t\t\t<\/div>\n\t\t\t\t<\/div>\n\t\t\t\t\t<\/div>\n\t\t\t\t<\/div>\n\t\t\t\t<\/div>\n\t\t","protected":false},"excerpt":{"rendered":"<p>Kick &#038; Talk Home Kick &#038; Talk Wie sieht der Alltag in einem Nachwuchsleistungszentrum eigentlich aus? Was sind die Erwartungen, Chancen und Herausforderungen f\u00fcr ambitionierte Kinder und Jugendliche? Welche Fehler machen Eltern h\u00e4ufiger bei der Unterst\u00fctzung ihrer Kinder? Diese und weitere exklusive Inhalte und spannende Gespr\u00e4che mit Expertinnen und Experten rund um das Thema Nachwuchsf\u00f6rderung [&hellip;]<\/p>\n","protected":false},"author":1,"featured_media":0,"parent":0,"menu_order":0,"comment_status":"closed","ping_status":"closed","template":"","meta":{"footnotes":""},"class_list":["post-391","page","type-page","status-publish","hentry"],"yoast_head":"<!-- This site is optimized with the Yoast SEO plugin v27.3 - https:\/\/yoast.com\/product\/yoast-seo-wordpress\/ -->\n<title>Kick &amp; Talk - Baller Code<\/title>\n<meta name=\"robots\" content=\"index, follow, max-snippet:-1, max-image-preview:large, max-video-preview:-1\" \/>\n<link rel=\"canonical\" href=\"https:\/\/ballercode.de\/index.php\/kickandtalk\/\" \/>\n<meta property=\"og:locale\" content=\"de_DE\" \/>\n<meta property=\"og:type\" content=\"article\" \/>\n<meta property=\"og:title\" content=\"Kick &amp; Talk - Baller Code\" \/>\n<meta property=\"og:description\" content=\"Kick &#038; Talk Home Kick &#038; Talk Wie sieht der Alltag in einem Nachwuchsleistungszentrum eigentlich aus? Was sind die Erwartungen, Chancen und Herausforderungen f\u00fcr ambitionierte Kinder und Jugendliche? Welche Fehler machen Eltern h\u00e4ufiger bei der Unterst\u00fctzung ihrer Kinder? Diese und weitere exklusive Inhalte und spannende Gespr\u00e4che mit Expertinnen und Experten rund um das Thema Nachwuchsf\u00f6rderung [&hellip;]\" \/>\n<meta property=\"og:url\" content=\"https:\/\/ballercode.de\/index.php\/kickandtalk\/\" \/>\n<meta property=\"og:site_name\" content=\"Baller Code\" \/>\n<meta property=\"article:modified_time\" content=\"2025-10-22T15:17:22+00:00\" \/>\n<meta property=\"og:image\" content=\"http:\/\/ballercode.de\/wp-content\/uploads\/2025\/09\/Ornament-668EUE.png\" \/>\n<meta name=\"twitter:card\" content=\"summary_large_image\" \/>\n<meta name=\"twitter:label1\" content=\"Gesch\u00e4tzte Lesezeit\" \/>\n\t<meta name=\"twitter:data1\" content=\"1\u00a0Minute\" \/>\n<script type=\"application\/ld+json\" class=\"yoast-schema-graph\">{\"@context\":\"https:\\\/\\\/schema.org\",\"@graph\":[{\"@type\":\"WebPage\",\"@id\":\"https:\\\/\\\/ballercode.de\\\/index.php\\\/kickandtalk\\\/\",\"url\":\"https:\\\/\\\/ballercode.de\\\/index.php\\\/kickandtalk\\\/\",\"name\":\"Kick & Talk - Baller Code\",\"isPartOf\":{\"@id\":\"https:\\\/\\\/ballercode.de\\\/#website\"},\"primaryImageOfPage\":{\"@id\":\"https:\\\/\\\/ballercode.de\\\/index.php\\\/kickandtalk\\\/#primaryimage\"},\"image\":{\"@id\":\"https:\\\/\\\/ballercode.de\\\/index.php\\\/kickandtalk\\\/#primaryimage\"},\"thumbnailUrl\":\"http:\\\/\\\/ballercode.de\\\/wp-content\\\/uploads\\\/2025\\\/09\\\/Ornament-668EUE.png\",\"datePublished\":\"2025-10-22T15:12:02+00:00\",\"dateModified\":\"2025-10-22T15:17:22+00:00\",\"breadcrumb\":{\"@id\":\"https:\\\/\\\/ballercode.de\\\/index.php\\\/kickandtalk\\\/#breadcrumb\"},\"inLanguage\":\"de\",\"potentialAction\":[{\"@type\":\"ReadAction\",\"target\":[\"https:\\\/\\\/ballercode.de\\\/index.php\\\/kickandtalk\\\/\"]}]},{\"@type\":\"ImageObject\",\"inLanguage\":\"de\",\"@id\":\"https:\\\/\\\/ballercode.de\\\/index.php\\\/kickandtalk\\\/#primaryimage\",\"url\":\"https:\\\/\\\/ballercode.de\\\/wp-content\\\/uploads\\\/2025\\\/09\\\/Ornament-668EUE.png\",\"contentUrl\":\"https:\\\/\\\/ballercode.de\\\/wp-content\\\/uploads\\\/2025\\\/09\\\/Ornament-668EUE.png\",\"width\":924,\"height\":924},{\"@type\":\"BreadcrumbList\",\"@id\":\"https:\\\/\\\/ballercode.de\\\/index.php\\\/kickandtalk\\\/#breadcrumb\",\"itemListElement\":[{\"@type\":\"ListItem\",\"position\":1,\"name\":\"Startseite\",\"item\":\"https:\\\/\\\/ballercode.de\\\/\"},{\"@type\":\"ListItem\",\"position\":2,\"name\":\"Kick &#038; Talk\"}]},{\"@type\":\"WebSite\",\"@id\":\"https:\\\/\\\/ballercode.de\\\/#website\",\"url\":\"https:\\\/\\\/ballercode.de\\\/\",\"name\":\"Baller Code\",\"description\":\"\",\"potentialAction\":[{\"@type\":\"SearchAction\",\"target\":{\"@type\":\"EntryPoint\",\"urlTemplate\":\"https:\\\/\\\/ballercode.de\\\/?s={search_term_string}\"},\"query-input\":{\"@type\":\"PropertyValueSpecification\",\"valueRequired\":true,\"valueName\":\"search_term_string\"}}],\"inLanguage\":\"de\"}]}<\/script>\n<!-- \/ Yoast SEO plugin. -->","yoast_head_json":{"title":"Kick & Talk - Baller Code","robots":{"index":"index","follow":"follow","max-snippet":"max-snippet:-1","max-image-preview":"max-image-preview:large","max-video-preview":"max-video-preview:-1"},"canonical":"https:\/\/ballercode.de\/index.php\/kickandtalk\/","og_locale":"de_DE","og_type":"article","og_title":"Kick & Talk - Baller Code","og_description":"Kick &#038; Talk Home Kick &#038; Talk Wie sieht der Alltag in einem Nachwuchsleistungszentrum eigentlich aus? Was sind die Erwartungen, Chancen und Herausforderungen f\u00fcr ambitionierte Kinder und Jugendliche? Welche Fehler machen Eltern h\u00e4ufiger bei der Unterst\u00fctzung ihrer Kinder? Diese und weitere exklusive Inhalte und spannende Gespr\u00e4che mit Expertinnen und Experten rund um das Thema Nachwuchsf\u00f6rderung [&hellip;]","og_url":"https:\/\/ballercode.de\/index.php\/kickandtalk\/","og_site_name":"Baller Code","article_modified_time":"2025-10-22T15:17:22+00:00","og_image":[{"url":"http:\/\/ballercode.de\/wp-content\/uploads\/2025\/09\/Ornament-668EUE.png","type":"","width":"","height":""}],"twitter_card":"summary_large_image","twitter_misc":{"Gesch\u00e4tzte Lesezeit":"1\u00a0Minute"},"schema":{"@context":"https:\/\/schema.org","@graph":[{"@type":"WebPage","@id":"https:\/\/ballercode.de\/index.php\/kickandtalk\/","url":"https:\/\/ballercode.de\/index.php\/kickandtalk\/","name":"Kick & Talk - Baller Code","isPartOf":{"@id":"https:\/\/ballercode.de\/#website"},"primaryImageOfPage":{"@id":"https:\/\/ballercode.de\/index.php\/kickandtalk\/#primaryimage"},"image":{"@id":"https:\/\/ballercode.de\/index.php\/kickandtalk\/#primaryimage"},"thumbnailUrl":"http:\/\/ballercode.de\/wp-content\/uploads\/2025\/09\/Ornament-668EUE.png","datePublished":"2025-10-22T15:12:02+00:00","dateModified":"2025-10-22T15:17:22+00:00","breadcrumb":{"@id":"https:\/\/ballercode.de\/index.php\/kickandtalk\/#breadcrumb"},"inLanguage":"de","potentialAction":[{"@type":"ReadAction","target":["https:\/\/ballercode.de\/index.php\/kickandtalk\/"]}]},{"@type":"ImageObject","inLanguage":"de","@id":"https:\/\/ballercode.de\/index.php\/kickandtalk\/#primaryimage","url":"https:\/\/ballercode.de\/wp-content\/uploads\/2025\/09\/Ornament-668EUE.png","contentUrl":"https:\/\/ballercode.de\/wp-content\/uploads\/2025\/09\/Ornament-668EUE.png","width":924,"height":924},{"@type":"BreadcrumbList","@id":"https:\/\/ballercode.de\/index.php\/kickandtalk\/#breadcrumb","itemListElement":[{"@type":"ListItem","position":1,"name":"Startseite","item":"https:\/\/ballercode.de\/"},{"@type":"ListItem","position":2,"name":"Kick &#038; Talk"}]},{"@type":"WebSite","@id":"https:\/\/ballercode.de\/#website","url":"https:\/\/ballercode.de\/","name":"Baller Code","description":"","potentialAction":[{"@type":"SearchAction","target":{"@type":"EntryPoint","urlTemplate":"https:\/\/ballercode.de\/?s={search_term_string}"},"query-input":{"@type":"PropertyValueSpecification","valueRequired":true,"valueName":"search_term_string"}}],"inLanguage":"de"}]}},"_links":{"self":[{"href":"https:\/\/ballercode.de\/index.php\/wp-json\/wp\/v2\/pages\/391","targetHints":{"allow":["GET"]}}],"collection":[{"href":"https:\/\/ballercode.de\/index.php\/wp-json\/wp\/v2\/pages"}],"about":[{"href":"https:\/\/ballercode.de\/index.php\/wp-json\/wp\/v2\/types\/page"}],"author":[{"embeddable":true,"href":"https:\/\/ballercode.de\/index.php\/wp-json\/wp\/v2\/users\/1"}],"replies":[{"embeddable":true,"href":"https:\/\/ballercode.de\/index.php\/wp-json\/wp\/v2\/comments?post=391"}],"version-history":[{"count":4,"href":"https:\/\/ballercode.de\/index.php\/wp-json\/wp\/v2\/pages\/391\/revisions"}],"predecessor-version":[{"id":395,"href":"https:\/\/ballercode.de\/index.php\/wp-json\/wp\/v2\/pages\/391\/revisions\/395"}],"wp:attachment":[{"href":"https:\/\/ballercode.de\/index.php\/wp-json\/wp\/v2\/media?parent=391"}],"curies":[{"name":"wp","href":"https:\/\/api.w.org\/{rel}","templated":true}]}}