{"id":540,"date":"2025-12-13T18:41:14","date_gmt":"2025-12-13T18:41:14","guid":{"rendered":"https:\/\/ballercode.de\/?page_id=540"},"modified":"2026-01-04T21:08:43","modified_gmt":"2026-01-04T21:08:43","slug":"5-star-baller","status":"publish","type":"page","link":"https:\/\/ballercode.de\/index.php\/5-star-baller\/","title":{"rendered":"5-Star-Baller"},"content":{"rendered":"\t\t<div data-elementor-type=\"wp-page\" data-elementor-id=\"540\" class=\"elementor elementor-540\" data-elementor-post-type=\"page\">\n\t\t\t\t<div class=\"elementor-element elementor-element-3eb7fe7c e-flex e-con-boxed e-con e-parent\" data-id=\"3eb7fe7c\" data-element_type=\"container\" data-e-type=\"container\" data-settings=\"{&quot;background_background&quot;:&quot;classic&quot;}\">\n\t\t\t\t\t<div class=\"e-con-inner\">\n\t\t<div class=\"elementor-element elementor-element-1d1427c2 e-flex e-con-boxed e-con e-child\" data-id=\"1d1427c2\" data-element_type=\"container\" data-e-type=\"container\">\n\t\t\t\t\t<div class=\"e-con-inner\">\n\t\t\t\t<div class=\"elementor-element elementor-element-77610ba7 elementor-widget elementor-widget-gum_heading\" data-id=\"77610ba7\" data-element_type=\"widget\" data-e-type=\"widget\" data-widget_type=\"gum_heading.default\">\n\t\t\t\t<div class=\"elementor-widget-container\">\n\t\t\t\t\t<div class=\"gum-widget-title\"><h1 class=\"section-main-title size-default\">5-Star-Baller<\/h1><\/div>\t\t\t\t<\/div>\n\t\t\t\t<\/div>\n\t\t<div class=\"elementor-element elementor-element-d63c8c9 e-con-full e-flex e-con e-child\" data-id=\"d63c8c9\" data-element_type=\"container\" data-e-type=\"container\">\n\t\t\t\t<div class=\"elementor-element elementor-element-2592dacd elementor-widget__width-auto elementor-widget elementor-widget-gum_heading\" data-id=\"2592dacd\" data-element_type=\"widget\" data-e-type=\"widget\" data-widget_type=\"gum_heading.default\">\n\t\t\t\t<div class=\"elementor-widget-container\">\n\t\t\t\t\t<div class=\"gum-widget-title\"><div class=\"section-main-title size-default\"><a href=\"https:\/\/flex.emjecreative.com\/tactico\/template-kit\/home\/\"><span class=\"prefix\"><\/span><span class=\"maintitle\">Home<\/span><span class=\"subfix\"><\/span><\/a><\/div><\/div>\t\t\t\t<\/div>\n\t\t\t\t<\/div>\n\t\t\t\t<div class=\"elementor-element elementor-element-13245546 elementor-view-default elementor-widget elementor-widget-icon\" data-id=\"13245546\" data-element_type=\"widget\" data-e-type=\"widget\" data-widget_type=\"icon.default\">\n\t\t\t\t\t\t\t<div class=\"elementor-icon-wrapper\">\n\t\t\t<div class=\"elementor-icon\">\n\t\t\t<i aria-hidden=\"true\" class=\"icon icon-right-arrow\"><\/i>\t\t\t<\/div>\n\t\t<\/div>\n\t\t\t\t\t\t<\/div>\n\t\t\t\t<div class=\"elementor-element elementor-element-55432c02 elementor-widget__width-auto elementor-widget elementor-widget-gum_heading\" data-id=\"55432c02\" data-element_type=\"widget\" data-e-type=\"widget\" data-widget_type=\"gum_heading.default\">\n\t\t\t\t<div class=\"elementor-widget-container\">\n\t\t\t\t\t<div class=\"gum-widget-title\"><div class=\"section-main-title size-default\">5-Star-Baller<\/div><\/div>\t\t\t\t<\/div>\n\t\t\t\t<\/div>\n\t\t\t\t<\/div>\n\t\t\t\t<div class=\"elementor-element elementor-element-5f6abdec elementor-widget__width-initial elementor-absolute e-transform elementor-widget elementor-widget-image\" data-id=\"5f6abdec\" data-element_type=\"widget\" data-e-type=\"widget\" data-settings=\"{&quot;_position&quot;:&quot;absolute&quot;,&quot;_transform_translateX_effect&quot;:{&quot;unit&quot;:&quot;%&quot;,&quot;size&quot;:-50,&quot;sizes&quot;:[]},&quot;_transform_translateX_effect_tablet&quot;:{&quot;unit&quot;:&quot;%&quot;,&quot;size&quot;:&quot;&quot;,&quot;sizes&quot;:[]},&quot;_transform_translateX_effect_mobile&quot;:{&quot;unit&quot;:&quot;%&quot;,&quot;size&quot;:&quot;&quot;,&quot;sizes&quot;:[]},&quot;_transform_translateY_effect&quot;:{&quot;unit&quot;:&quot;%&quot;,&quot;size&quot;:-25,&quot;sizes&quot;:[]},&quot;_transform_translateY_effect_tablet&quot;:{&quot;unit&quot;:&quot;%&quot;,&quot;size&quot;:&quot;&quot;,&quot;sizes&quot;:[]},&quot;_transform_translateY_effect_mobile&quot;:{&quot;unit&quot;:&quot;%&quot;,&quot;size&quot;:&quot;&quot;,&quot;sizes&quot;:[]}}\" data-widget_type=\"image.default\">\n\t\t\t\t\t\t\t\t\t\t\t\t\t\t\t<img fetchpriority=\"high\" decoding=\"async\" width=\"924\" height=\"924\" src=\"https:\/\/ballercode.de\/wp-content\/uploads\/2025\/09\/Ornament-668EUE.png\" class=\"attachment-full size-full wp-image-14\" alt=\"\" srcset=\"https:\/\/ballercode.de\/wp-content\/uploads\/2025\/09\/Ornament-668EUE.png 924w, https:\/\/ballercode.de\/wp-content\/uploads\/2025\/09\/Ornament-668EUE-300x300.png 300w, https:\/\/ballercode.de\/wp-content\/uploads\/2025\/09\/Ornament-668EUE-150x150.png 150w, https:\/\/ballercode.de\/wp-content\/uploads\/2025\/09\/Ornament-668EUE-768x768.png 768w\" sizes=\"(max-width: 924px) 100vw, 924px\" \/>\t\t\t\t\t\t\t\t\t\t\t\t\t\t\t<\/div>\n\t\t\t\t\t<\/div>\n\t\t\t\t<\/div>\n\t\t\t\t\t<\/div>\n\t\t\t\t<\/div>\n\t\t<div class=\"elementor-element elementor-element-54f049f e-grid e-con-boxed e-con e-parent\" data-id=\"54f049f\" data-element_type=\"container\" data-e-type=\"container\">\n\t\t\t\t\t<div class=\"e-con-inner\">\n\t\t\t\t<div class=\"elementor-element elementor-element-6f5f893f elementor-widget__width-initial elementor-widget elementor-widget-heading\" data-id=\"6f5f893f\" data-element_type=\"widget\" data-e-type=\"widget\" data-widget_type=\"heading.default\">\n\t\t\t\t\t<h2 class=\"elementor-heading-title elementor-size-default\">ALL-TIME-fiveSTar-BALLER LEADERBOARD<\/h2>\t\t\t\t<\/div>\n\t\t\t\t<div class=\"elementor-element elementor-element-6ba4c031 elementor-widget elementor-widget-text-editor\" data-id=\"6ba4c031\" data-element_type=\"widget\" data-e-type=\"widget\" data-widget_type=\"text-editor.default\">\n\t\t\t\t\t\t\t\t\t<p>BESSER. SCHLAUER. ZOCKEN<\/p>\t\t\t\t\t\t\t\t<\/div>\n\t\t\t\t<div class=\"elementor-element elementor-element-49762fa elementor-widget elementor-widget-text-editor\" data-id=\"49762fa\" data-element_type=\"widget\" data-e-type=\"widget\" data-widget_type=\"text-editor.default\">\n\t\t\t\t\t\t\t\t\t<p>Im Rahmen unserer Camps in den gro\u00dfen Ferien durchlaufen die Spielerinnen und Spieler ein eigen konzipiertes Fu\u00dfballabzeichen in den Bereichen Reaktion, Dribbling, Schuss und erster Kontakt. An dieser Stelle m\u00f6chten wir die Spieler mit einer All-Time-Bestenliste w\u00fcrdigen, die es geschafft haben als 5-Sterne-Baller in die Historie einzugehen. Gl\u00fcckwunsch, ihr Baller!<\/p>\t\t\t\t\t\t\t\t<\/div>\n\t\t\t\t<div class=\"elementor-element elementor-element-23bb8f9 elementor-widget elementor-widget-image\" data-id=\"23bb8f9\" data-element_type=\"widget\" data-e-type=\"widget\" data-widget_type=\"image.default\">\n\t\t\t\t\t\t\t\t\t\t\t\t\t\t\t<img decoding=\"async\" width=\"454\" height=\"233\" src=\"https:\/\/ballercode.de\/wp-content\/uploads\/2025\/12\/Unbenannt.png\" class=\"attachment-full size-full wp-image-542\" alt=\"\" srcset=\"https:\/\/ballercode.de\/wp-content\/uploads\/2025\/12\/Unbenannt.png 454w, https:\/\/ballercode.de\/wp-content\/uploads\/2025\/12\/Unbenannt-300x154.png 300w\" sizes=\"(max-width: 454px) 100vw, 454px\" \/>\t\t\t\t\t\t\t\t\t\t\t\t\t\t\t<\/div>\n\t\t\t\t\t<\/div>\n\t\t\t\t<\/div>\n\t\t<div class=\"elementor-element elementor-element-c579bf9 e-grid e-con-boxed e-con e-parent\" data-id=\"c579bf9\" data-element_type=\"container\" data-e-type=\"container\">\n\t\t\t\t\t<div class=\"e-con-inner\">\n\t\t\t\t<div class=\"elementor-element elementor-element-52dcc7d elementor-widget elementor-widget-heading\" data-id=\"52dcc7d\" data-element_type=\"widget\" data-e-type=\"widget\" data-widget_type=\"heading.default\">\n\t\t\t\t\t<h2 class=\"elementor-heading-title elementor-size-default\">Herbstcamp 2025<\/h2>\t\t\t\t<\/div>\n\t\t\t\t\t<\/div>\n\t\t\t\t<\/div>\n\t\t<div class=\"elementor-element elementor-element-3f2eeda e-grid e-con-boxed e-con e-parent\" data-id=\"3f2eeda\" data-element_type=\"container\" data-e-type=\"container\">\n\t\t\t\t\t<div class=\"e-con-inner\">\n\t\t\t\t<div class=\"elementor-element elementor-element-3a0965ee elementor-list-item-link-full_width elementor-widget elementor-widget-icon-list\" data-id=\"3a0965ee\" data-element_type=\"widget\" data-e-type=\"widget\" data-widget_type=\"icon-list.default\">\n\t\t\t\t\t\t\t<ul class=\"elementor-icon-list-items\">\n\t\t\t\t\t\t\t<li class=\"elementor-icon-list-item\">\n\t\t\t\t\t\t\t\t\t\t\t<span class=\"elementor-icon-list-icon\">\n\t\t\t\t\t\t\t<svg aria-hidden=\"true\" class=\"e-font-icon-svg e-fas-star\" viewBox=\"0 0 576 512\" xmlns=\"http:\/\/www.w3.org\/2000\/svg\"><path d=\"M259.3 17.8L194 150.2 47.9 171.5c-26.2 3.8-36.7 36.1-17.7 54.6l105.7 103-25 145.5c-4.5 26.3 23.2 46 46.4 33.7L288 439.6l130.7 68.7c23.2 12.2 50.9-7.4 46.4-33.7l-25-145.5 105.7-103c19-18.5 8.5-50.8-17.7-54.6L382 150.2 316.7 17.8c-11.7-23.6-45.6-23.9-57.4 0z\"><\/path><\/svg>\t\t\t\t\t\t<\/span>\n\t\t\t\t\t\t\t\t\t\t<span class=\"elementor-icon-list-text\">Jamie B\u00fcddefeld (Jg. 2011)<\/span>\n\t\t\t\t\t\t\t\t\t<\/li>\n\t\t\t\t\t\t\t\t<li class=\"elementor-icon-list-item\">\n\t\t\t\t\t\t\t\t\t\t\t<span class=\"elementor-icon-list-icon\">\n\t\t\t\t\t\t\t<svg aria-hidden=\"true\" class=\"e-font-icon-svg e-fas-star\" viewBox=\"0 0 576 512\" xmlns=\"http:\/\/www.w3.org\/2000\/svg\"><path d=\"M259.3 17.8L194 150.2 47.9 171.5c-26.2 3.8-36.7 36.1-17.7 54.6l105.7 103-25 145.5c-4.5 26.3 23.2 46 46.4 33.7L288 439.6l130.7 68.7c23.2 12.2 50.9-7.4 46.4-33.7l-25-145.5 105.7-103c19-18.5 8.5-50.8-17.7-54.6L382 150.2 316.7 17.8c-11.7-23.6-45.6-23.9-57.4 0z\"><\/path><\/svg>\t\t\t\t\t\t<\/span>\n\t\t\t\t\t\t\t\t\t\t<span class=\"elementor-icon-list-text\">Linus Eden (Jg. 2013)<\/span>\n\t\t\t\t\t\t\t\t\t<\/li>\n\t\t\t\t\t\t\t\t<li class=\"elementor-icon-list-item\">\n\t\t\t\t\t\t\t\t\t\t\t<span class=\"elementor-icon-list-icon\">\n\t\t\t\t\t\t\t<svg aria-hidden=\"true\" class=\"e-font-icon-svg e-fas-star\" viewBox=\"0 0 576 512\" xmlns=\"http:\/\/www.w3.org\/2000\/svg\"><path d=\"M259.3 17.8L194 150.2 47.9 171.5c-26.2 3.8-36.7 36.1-17.7 54.6l105.7 103-25 145.5c-4.5 26.3 23.2 46 46.4 33.7L288 439.6l130.7 68.7c23.2 12.2 50.9-7.4 46.4-33.7l-25-145.5 105.7-103c19-18.5 8.5-50.8-17.7-54.6L382 150.2 316.7 17.8c-11.7-23.6-45.6-23.9-57.4 0z\"><\/path><\/svg>\t\t\t\t\t\t<\/span>\n\t\t\t\t\t\t\t\t\t\t<span class=\"elementor-icon-list-text\">Noah Emmrich (Jg. 2013)<\/span>\n\t\t\t\t\t\t\t\t\t<\/li>\n\t\t\t\t\t\t\t\t<li class=\"elementor-icon-list-item\">\n\t\t\t\t\t\t\t\t\t\t\t<span class=\"elementor-icon-list-icon\">\n\t\t\t\t\t\t\t<svg aria-hidden=\"true\" class=\"e-font-icon-svg e-fas-star\" viewBox=\"0 0 576 512\" xmlns=\"http:\/\/www.w3.org\/2000\/svg\"><path d=\"M259.3 17.8L194 150.2 47.9 171.5c-26.2 3.8-36.7 36.1-17.7 54.6l105.7 103-25 145.5c-4.5 26.3 23.2 46 46.4 33.7L288 439.6l130.7 68.7c23.2 12.2 50.9-7.4 46.4-33.7l-25-145.5 105.7-103c19-18.5 8.5-50.8-17.7-54.6L382 150.2 316.7 17.8c-11.7-23.6-45.6-23.9-57.4 0z\"><\/path><\/svg>\t\t\t\t\t\t<\/span>\n\t\t\t\t\t\t\t\t\t\t<span class=\"elementor-icon-list-text\">Bennet Engels (Jg. 2016)<\/span>\n\t\t\t\t\t\t\t\t\t<\/li>\n\t\t\t\t\t\t<\/ul>\n\t\t\t\t\t\t<\/div>\n\t\t\t\t\t<\/div>\n\t\t\t\t<\/div>\n\t\t\t\t<\/div>\n\t\t","protected":false},"excerpt":{"rendered":"<p>5-Star-Baller Home 5-Star-Baller ALL-TIME-fiveSTar-BALLER LEADERBOARD BESSER. SCHLAUER. ZOCKEN Im Rahmen unserer Camps in den gro\u00dfen Ferien durchlaufen die Spielerinnen und Spieler ein eigen konzipiertes Fu\u00dfballabzeichen in den Bereichen Reaktion, Dribbling, Schuss und erster Kontakt. An dieser Stelle m\u00f6chten wir die Spieler mit einer All-Time-Bestenliste w\u00fcrdigen, die es geschafft haben als 5-Sterne-Baller in die Historie einzugehen. [&hellip;]<\/p>\n","protected":false},"author":2,"featured_media":0,"parent":0,"menu_order":0,"comment_status":"closed","ping_status":"closed","template":"","meta":{"footnotes":""},"class_list":["post-540","page","type-page","status-publish","hentry"],"yoast_head":"<!-- This site is optimized with the Yoast SEO plugin v27.3 - https:\/\/yoast.com\/product\/yoast-seo-wordpress\/ -->\n<title>5-Star-Baller - Baller Code<\/title>\n<meta name=\"robots\" content=\"index, follow, max-snippet:-1, max-image-preview:large, max-video-preview:-1\" \/>\n<link rel=\"canonical\" href=\"https:\/\/ballercode.de\/index.php\/5-star-baller\/\" \/>\n<meta property=\"og:locale\" content=\"de_DE\" \/>\n<meta property=\"og:type\" content=\"article\" \/>\n<meta property=\"og:title\" content=\"5-Star-Baller - Baller Code\" \/>\n<meta property=\"og:description\" content=\"5-Star-Baller Home 5-Star-Baller ALL-TIME-fiveSTar-BALLER LEADERBOARD BESSER. SCHLAUER. ZOCKEN Im Rahmen unserer Camps in den gro\u00dfen Ferien durchlaufen die Spielerinnen und Spieler ein eigen konzipiertes Fu\u00dfballabzeichen in den Bereichen Reaktion, Dribbling, Schuss und erster Kontakt. An dieser Stelle m\u00f6chten wir die Spieler mit einer All-Time-Bestenliste w\u00fcrdigen, die es geschafft haben als 5-Sterne-Baller in die Historie einzugehen. [&hellip;]\" \/>\n<meta property=\"og:url\" content=\"https:\/\/ballercode.de\/index.php\/5-star-baller\/\" \/>\n<meta property=\"og:site_name\" content=\"Baller Code\" \/>\n<meta property=\"article:modified_time\" content=\"2026-01-04T21:08:43+00:00\" \/>\n<meta property=\"og:image\" content=\"http:\/\/ballercode.de\/wp-content\/uploads\/2025\/09\/Ornament-668EUE.png\" \/>\n<meta name=\"twitter:card\" content=\"summary_large_image\" \/>\n<meta name=\"twitter:label1\" content=\"Gesch\u00e4tzte Lesezeit\" \/>\n\t<meta name=\"twitter:data1\" content=\"1\u00a0Minute\" \/>\n<script type=\"application\/ld+json\" class=\"yoast-schema-graph\">{\"@context\":\"https:\\\/\\\/schema.org\",\"@graph\":[{\"@type\":\"WebPage\",\"@id\":\"https:\\\/\\\/ballercode.de\\\/index.php\\\/5-star-baller\\\/\",\"url\":\"https:\\\/\\\/ballercode.de\\\/index.php\\\/5-star-baller\\\/\",\"name\":\"5-Star-Baller - Baller Code\",\"isPartOf\":{\"@id\":\"https:\\\/\\\/ballercode.de\\\/#website\"},\"primaryImageOfPage\":{\"@id\":\"https:\\\/\\\/ballercode.de\\\/index.php\\\/5-star-baller\\\/#primaryimage\"},\"image\":{\"@id\":\"https:\\\/\\\/ballercode.de\\\/index.php\\\/5-star-baller\\\/#primaryimage\"},\"thumbnailUrl\":\"http:\\\/\\\/ballercode.de\\\/wp-content\\\/uploads\\\/2025\\\/09\\\/Ornament-668EUE.png\",\"datePublished\":\"2025-12-13T18:41:14+00:00\",\"dateModified\":\"2026-01-04T21:08:43+00:00\",\"breadcrumb\":{\"@id\":\"https:\\\/\\\/ballercode.de\\\/index.php\\\/5-star-baller\\\/#breadcrumb\"},\"inLanguage\":\"de\",\"potentialAction\":[{\"@type\":\"ReadAction\",\"target\":[\"https:\\\/\\\/ballercode.de\\\/index.php\\\/5-star-baller\\\/\"]}]},{\"@type\":\"ImageObject\",\"inLanguage\":\"de\",\"@id\":\"https:\\\/\\\/ballercode.de\\\/index.php\\\/5-star-baller\\\/#primaryimage\",\"url\":\"https:\\\/\\\/ballercode.de\\\/wp-content\\\/uploads\\\/2025\\\/09\\\/Ornament-668EUE.png\",\"contentUrl\":\"https:\\\/\\\/ballercode.de\\\/wp-content\\\/uploads\\\/2025\\\/09\\\/Ornament-668EUE.png\",\"width\":924,\"height\":924},{\"@type\":\"BreadcrumbList\",\"@id\":\"https:\\\/\\\/ballercode.de\\\/index.php\\\/5-star-baller\\\/#breadcrumb\",\"itemListElement\":[{\"@type\":\"ListItem\",\"position\":1,\"name\":\"Startseite\",\"item\":\"https:\\\/\\\/ballercode.de\\\/\"},{\"@type\":\"ListItem\",\"position\":2,\"name\":\"5-Star-Baller\"}]},{\"@type\":\"WebSite\",\"@id\":\"https:\\\/\\\/ballercode.de\\\/#website\",\"url\":\"https:\\\/\\\/ballercode.de\\\/\",\"name\":\"Baller Code\",\"description\":\"\",\"potentialAction\":[{\"@type\":\"SearchAction\",\"target\":{\"@type\":\"EntryPoint\",\"urlTemplate\":\"https:\\\/\\\/ballercode.de\\\/?s={search_term_string}\"},\"query-input\":{\"@type\":\"PropertyValueSpecification\",\"valueRequired\":true,\"valueName\":\"search_term_string\"}}],\"inLanguage\":\"de\"}]}<\/script>\n<!-- \/ Yoast SEO plugin. -->","yoast_head_json":{"title":"5-Star-Baller - Baller Code","robots":{"index":"index","follow":"follow","max-snippet":"max-snippet:-1","max-image-preview":"max-image-preview:large","max-video-preview":"max-video-preview:-1"},"canonical":"https:\/\/ballercode.de\/index.php\/5-star-baller\/","og_locale":"de_DE","og_type":"article","og_title":"5-Star-Baller - Baller Code","og_description":"5-Star-Baller Home 5-Star-Baller ALL-TIME-fiveSTar-BALLER LEADERBOARD BESSER. SCHLAUER. ZOCKEN Im Rahmen unserer Camps in den gro\u00dfen Ferien durchlaufen die Spielerinnen und Spieler ein eigen konzipiertes Fu\u00dfballabzeichen in den Bereichen Reaktion, Dribbling, Schuss und erster Kontakt. An dieser Stelle m\u00f6chten wir die Spieler mit einer All-Time-Bestenliste w\u00fcrdigen, die es geschafft haben als 5-Sterne-Baller in die Historie einzugehen. [&hellip;]","og_url":"https:\/\/ballercode.de\/index.php\/5-star-baller\/","og_site_name":"Baller Code","article_modified_time":"2026-01-04T21:08:43+00:00","og_image":[{"url":"http:\/\/ballercode.de\/wp-content\/uploads\/2025\/09\/Ornament-668EUE.png","type":"","width":"","height":""}],"twitter_card":"summary_large_image","twitter_misc":{"Gesch\u00e4tzte Lesezeit":"1\u00a0Minute"},"schema":{"@context":"https:\/\/schema.org","@graph":[{"@type":"WebPage","@id":"https:\/\/ballercode.de\/index.php\/5-star-baller\/","url":"https:\/\/ballercode.de\/index.php\/5-star-baller\/","name":"5-Star-Baller - Baller Code","isPartOf":{"@id":"https:\/\/ballercode.de\/#website"},"primaryImageOfPage":{"@id":"https:\/\/ballercode.de\/index.php\/5-star-baller\/#primaryimage"},"image":{"@id":"https:\/\/ballercode.de\/index.php\/5-star-baller\/#primaryimage"},"thumbnailUrl":"http:\/\/ballercode.de\/wp-content\/uploads\/2025\/09\/Ornament-668EUE.png","datePublished":"2025-12-13T18:41:14+00:00","dateModified":"2026-01-04T21:08:43+00:00","breadcrumb":{"@id":"https:\/\/ballercode.de\/index.php\/5-star-baller\/#breadcrumb"},"inLanguage":"de","potentialAction":[{"@type":"ReadAction","target":["https:\/\/ballercode.de\/index.php\/5-star-baller\/"]}]},{"@type":"ImageObject","inLanguage":"de","@id":"https:\/\/ballercode.de\/index.php\/5-star-baller\/#primaryimage","url":"https:\/\/ballercode.de\/wp-content\/uploads\/2025\/09\/Ornament-668EUE.png","contentUrl":"https:\/\/ballercode.de\/wp-content\/uploads\/2025\/09\/Ornament-668EUE.png","width":924,"height":924},{"@type":"BreadcrumbList","@id":"https:\/\/ballercode.de\/index.php\/5-star-baller\/#breadcrumb","itemListElement":[{"@type":"ListItem","position":1,"name":"Startseite","item":"https:\/\/ballercode.de\/"},{"@type":"ListItem","position":2,"name":"5-Star-Baller"}]},{"@type":"WebSite","@id":"https:\/\/ballercode.de\/#website","url":"https:\/\/ballercode.de\/","name":"Baller Code","description":"","potentialAction":[{"@type":"SearchAction","target":{"@type":"EntryPoint","urlTemplate":"https:\/\/ballercode.de\/?s={search_term_string}"},"query-input":{"@type":"PropertyValueSpecification","valueRequired":true,"valueName":"search_term_string"}}],"inLanguage":"de"}]}},"_links":{"self":[{"href":"https:\/\/ballercode.de\/index.php\/wp-json\/wp\/v2\/pages\/540","targetHints":{"allow":["GET"]}}],"collection":[{"href":"https:\/\/ballercode.de\/index.php\/wp-json\/wp\/v2\/pages"}],"about":[{"href":"https:\/\/ballercode.de\/index.php\/wp-json\/wp\/v2\/types\/page"}],"author":[{"embeddable":true,"href":"https:\/\/ballercode.de\/index.php\/wp-json\/wp\/v2\/users\/2"}],"replies":[{"embeddable":true,"href":"https:\/\/ballercode.de\/index.php\/wp-json\/wp\/v2\/comments?post=540"}],"version-history":[{"count":34,"href":"https:\/\/ballercode.de\/index.php\/wp-json\/wp\/v2\/pages\/540\/revisions"}],"predecessor-version":[{"id":761,"href":"https:\/\/ballercode.de\/index.php\/wp-json\/wp\/v2\/pages\/540\/revisions\/761"}],"wp:attachment":[{"href":"https:\/\/ballercode.de\/index.php\/wp-json\/wp\/v2\/media?parent=540"}],"curies":[{"name":"wp","href":"https:\/\/api.w.org\/{rel}","templated":true}]}}