{"id":986,"date":"2026-02-04T17:38:26","date_gmt":"2026-02-04T17:38:26","guid":{"rendered":"https:\/\/ballercode.de\/?page_id=986"},"modified":"2026-02-07T11:22:27","modified_gmt":"2026-02-07T11:22:27","slug":"unsere-partner","status":"publish","type":"page","link":"https:\/\/ballercode.de\/index.php\/unsere-partner\/","title":{"rendered":"Unsere Partner"},"content":{"rendered":"\t\t<div data-elementor-type=\"wp-page\" data-elementor-id=\"986\" class=\"elementor elementor-986\" data-elementor-post-type=\"page\">\n\t\t\t\t<div class=\"elementor-element elementor-element-fd10f88 e-grid e-con-boxed e-con e-parent\" data-id=\"fd10f88\" data-element_type=\"container\" data-e-type=\"container\">\n\t\t\t\t\t<div class=\"e-con-inner\">\n\t\t\t\t\t<\/div>\n\t\t\t\t<\/div>\n\t\t<div class=\"elementor-element elementor-element-435409b6 e-flex e-con-boxed e-con e-parent\" data-id=\"435409b6\" data-element_type=\"container\" data-e-type=\"container\" data-settings=\"{&quot;background_background&quot;:&quot;classic&quot;}\">\n\t\t\t\t\t<div class=\"e-con-inner\">\n\t\t<div class=\"elementor-element elementor-element-169c020e e-flex e-con-boxed e-con e-child\" data-id=\"169c020e\" data-element_type=\"container\" data-e-type=\"container\">\n\t\t\t\t\t<div class=\"e-con-inner\">\n\t\t\t\t<div class=\"elementor-element elementor-element-33e097e4 elementor-widget elementor-widget-gum_heading\" data-id=\"33e097e4\" data-element_type=\"widget\" data-e-type=\"widget\" data-widget_type=\"gum_heading.default\">\n\t\t\t\t<div class=\"elementor-widget-container\">\n\t\t\t\t\t<div class=\"gum-widget-title\"><h1 class=\"section-main-title size-default\">Unsere Partner<\/h1><\/div>\t\t\t\t<\/div>\n\t\t\t\t<\/div>\n\t\t<div class=\"elementor-element elementor-element-4d27784 e-con-full e-flex e-con e-child\" data-id=\"4d27784\" data-element_type=\"container\" data-e-type=\"container\">\n\t\t\t\t<div class=\"elementor-element elementor-element-1e2cba78 elementor-widget__width-auto elementor-widget elementor-widget-gum_heading\" data-id=\"1e2cba78\" data-element_type=\"widget\" data-e-type=\"widget\" data-widget_type=\"gum_heading.default\">\n\t\t\t\t<div class=\"elementor-widget-container\">\n\t\t\t\t\t<div class=\"gum-widget-title\"><div class=\"section-main-title size-default\"><a href=\"https:\/\/flex.emjecreative.com\/tactico\/template-kit\/home\/\"><span class=\"prefix\"><\/span><span class=\"maintitle\">Home<\/span><span class=\"subfix\"><\/span><\/a><\/div><\/div>\t\t\t\t<\/div>\n\t\t\t\t<\/div>\n\t\t\t\t<div class=\"elementor-element elementor-element-75abbb96 elementor-view-default elementor-widget elementor-widget-icon\" data-id=\"75abbb96\" data-element_type=\"widget\" data-e-type=\"widget\" data-widget_type=\"icon.default\">\n\t\t\t\t\t\t\t<div class=\"elementor-icon-wrapper\">\n\t\t\t<div class=\"elementor-icon\">\n\t\t\t<i aria-hidden=\"true\" class=\"icon icon-right-arrow\"><\/i>\t\t\t<\/div>\n\t\t<\/div>\n\t\t\t\t\t\t<\/div>\n\t\t\t\t<div class=\"elementor-element elementor-element-3b99aa45 elementor-widget__width-auto elementor-widget elementor-widget-gum_heading\" data-id=\"3b99aa45\" data-element_type=\"widget\" data-e-type=\"widget\" data-widget_type=\"gum_heading.default\">\n\t\t\t\t<div class=\"elementor-widget-container\">\n\t\t\t\t\t<div class=\"gum-widget-title\"><div class=\"section-main-title size-default\">Unsere Partner<\/div><\/div>\t\t\t\t<\/div>\n\t\t\t\t<\/div>\n\t\t\t\t<\/div>\n\t\t\t\t<div class=\"elementor-element elementor-element-18659835 elementor-widget__width-initial elementor-absolute e-transform elementor-widget elementor-widget-image\" data-id=\"18659835\" data-element_type=\"widget\" data-e-type=\"widget\" data-settings=\"{&quot;_position&quot;:&quot;absolute&quot;,&quot;_transform_translateX_effect&quot;:{&quot;unit&quot;:&quot;%&quot;,&quot;size&quot;:-50,&quot;sizes&quot;:[]},&quot;_transform_translateX_effect_tablet&quot;:{&quot;unit&quot;:&quot;%&quot;,&quot;size&quot;:&quot;&quot;,&quot;sizes&quot;:[]},&quot;_transform_translateX_effect_mobile&quot;:{&quot;unit&quot;:&quot;%&quot;,&quot;size&quot;:&quot;&quot;,&quot;sizes&quot;:[]},&quot;_transform_translateY_effect&quot;:{&quot;unit&quot;:&quot;%&quot;,&quot;size&quot;:-25,&quot;sizes&quot;:[]},&quot;_transform_translateY_effect_tablet&quot;:{&quot;unit&quot;:&quot;%&quot;,&quot;size&quot;:&quot;&quot;,&quot;sizes&quot;:[]},&quot;_transform_translateY_effect_mobile&quot;:{&quot;unit&quot;:&quot;%&quot;,&quot;size&quot;:&quot;&quot;,&quot;sizes&quot;:[]}}\" data-widget_type=\"image.default\">\n\t\t\t\t\t\t\t\t\t\t\t\t\t\t\t<img fetchpriority=\"high\" decoding=\"async\" width=\"924\" height=\"924\" src=\"https:\/\/ballercode.de\/wp-content\/uploads\/2025\/09\/Ornament-668EUE.png\" class=\"attachment-full size-full wp-image-14\" alt=\"\" srcset=\"https:\/\/ballercode.de\/wp-content\/uploads\/2025\/09\/Ornament-668EUE.png 924w, https:\/\/ballercode.de\/wp-content\/uploads\/2025\/09\/Ornament-668EUE-300x300.png 300w, https:\/\/ballercode.de\/wp-content\/uploads\/2025\/09\/Ornament-668EUE-150x150.png 150w, https:\/\/ballercode.de\/wp-content\/uploads\/2025\/09\/Ornament-668EUE-768x768.png 768w\" sizes=\"(max-width: 924px) 100vw, 924px\" \/>\t\t\t\t\t\t\t\t\t\t\t\t\t\t\t<\/div>\n\t\t\t\t\t<\/div>\n\t\t\t\t<\/div>\n\t\t\t\t\t<\/div>\n\t\t\t\t<\/div>\n\t\t<div class=\"elementor-element elementor-element-70696a01 e-flex e-con-boxed e-con e-parent\" data-id=\"70696a01\" data-element_type=\"container\" data-e-type=\"container\">\n\t\t\t\t\t<div class=\"e-con-inner\">\n\t\t<div class=\"elementor-element elementor-element-779853ae e-con-full e-flex e-con e-child\" data-id=\"779853ae\" data-element_type=\"container\" data-e-type=\"container\" data-settings=\"{&quot;background_background&quot;:&quot;classic&quot;}\">\n\t\t\t\t<div class=\"elementor-element elementor-element-2721f535 elementor-widget__width-initial elementor-widget elementor-widget-heading\" data-id=\"2721f535\" data-element_type=\"widget\" data-e-type=\"widget\" data-widget_type=\"heading.default\">\n\t\t\t\t\t<h2 class=\"elementor-heading-title elementor-size-default\">Unsere Partner. in der region. echte Profis.<\/h2>\t\t\t\t<\/div>\n\t\t\t\t<div class=\"elementor-element elementor-element-7ab7769b elementor-widget elementor-widget-text-editor\" data-id=\"7ab7769b\" data-element_type=\"widget\" data-e-type=\"widget\" data-widget_type=\"text-editor.default\">\n\t\t\t\t\t\t\t\t\t<p>aller Anfang ist schwer. Und ohne die n\u00f6tige Unterst\u00fctzung kaum zu meistern. Vielen Dank deshalb an den Supporters Club!<\/p>\t\t\t\t\t\t\t\t<\/div>\n\t\t\t\t<\/div>\n\t\t\t\t\t<\/div>\n\t\t\t\t<\/div>\n\t\t<div class=\"elementor-element elementor-element-46d2792 e-grid e-con-boxed e-con e-parent\" data-id=\"46d2792\" data-element_type=\"container\" data-e-type=\"container\">\n\t\t\t\t\t<div class=\"e-con-inner\">\n\t\t\t\t<div class=\"elementor-element elementor-element-9f240a4 elementor-widget elementor-widget-image\" data-id=\"9f240a4\" data-element_type=\"widget\" data-e-type=\"widget\" data-widget_type=\"image.default\">\n\t\t\t\t\t\t\t\t\t\t\t\t\t\t\t<img decoding=\"async\" width=\"800\" height=\"383\" src=\"https:\/\/ballercode.de\/wp-content\/uploads\/2025\/12\/Guidos2_2014-01-1024x490.png\" class=\"attachment-large size-large wp-image-459\" alt=\"\" srcset=\"https:\/\/ballercode.de\/wp-content\/uploads\/2025\/12\/Guidos2_2014-01-1024x490.png 1024w, https:\/\/ballercode.de\/wp-content\/uploads\/2025\/12\/Guidos2_2014-01-300x143.png 300w, https:\/\/ballercode.de\/wp-content\/uploads\/2025\/12\/Guidos2_2014-01-768x367.png 768w, https:\/\/ballercode.de\/wp-content\/uploads\/2025\/12\/Guidos2_2014-01-1536x735.png 1536w, https:\/\/ballercode.de\/wp-content\/uploads\/2025\/12\/Guidos2_2014-01-2048x980.png 2048w\" sizes=\"(max-width: 800px) 100vw, 800px\" \/>\t\t\t\t\t\t\t\t\t\t\t\t\t\t\t<\/div>\n\t\t\t\t<div class=\"elementor-element elementor-element-78c03ed elementor-widget elementor-widget-image\" data-id=\"78c03ed\" data-element_type=\"widget\" data-e-type=\"widget\" data-widget_type=\"image.default\">\n\t\t\t\t\t\t\t\t\t\t\t\t\t\t\t<img decoding=\"async\" width=\"800\" height=\"341\" src=\"https:\/\/ballercode.de\/wp-content\/uploads\/2025\/09\/SVG_logo-1024x436.png\" class=\"attachment-large size-large wp-image-171\" alt=\"\" srcset=\"https:\/\/ballercode.de\/wp-content\/uploads\/2025\/09\/SVG_logo-1024x436.png 1024w, https:\/\/ballercode.de\/wp-content\/uploads\/2025\/09\/SVG_logo-300x128.png 300w, https:\/\/ballercode.de\/wp-content\/uploads\/2025\/09\/SVG_logo-768x327.png 768w, https:\/\/ballercode.de\/wp-content\/uploads\/2025\/09\/SVG_logo-1536x654.png 1536w, https:\/\/ballercode.de\/wp-content\/uploads\/2025\/09\/SVG_logo-2048x871.png 2048w\" sizes=\"(max-width: 800px) 100vw, 800px\" \/>\t\t\t\t\t\t\t\t\t\t\t\t\t\t\t<\/div>\n\t\t\t\t<div class=\"elementor-element elementor-element-307efd2 elementor-widget elementor-widget-image\" data-id=\"307efd2\" data-element_type=\"widget\" data-e-type=\"widget\" data-widget_type=\"image.default\">\n\t\t\t\t\t\t\t\t\t\t\t\t\t\t\t<img loading=\"lazy\" decoding=\"async\" width=\"800\" height=\"341\" src=\"https:\/\/ballercode.de\/wp-content\/uploads\/2025\/09\/sZENARIS-1024x436.png\" class=\"attachment-large size-large wp-image-173\" alt=\"\" srcset=\"https:\/\/ballercode.de\/wp-content\/uploads\/2025\/09\/sZENARIS-1024x436.png 1024w, https:\/\/ballercode.de\/wp-content\/uploads\/2025\/09\/sZENARIS-300x128.png 300w, https:\/\/ballercode.de\/wp-content\/uploads\/2025\/09\/sZENARIS-768x327.png 768w, https:\/\/ballercode.de\/wp-content\/uploads\/2025\/09\/sZENARIS-1536x654.png 1536w, https:\/\/ballercode.de\/wp-content\/uploads\/2025\/09\/sZENARIS-2048x871.png 2048w\" sizes=\"(max-width: 800px) 100vw, 800px\" \/>\t\t\t\t\t\t\t\t\t\t\t\t\t\t\t<\/div>\n\t\t\t\t<div class=\"elementor-element elementor-element-079bb03 elementor-widget elementor-widget-image\" data-id=\"079bb03\" data-element_type=\"widget\" data-e-type=\"widget\" data-widget_type=\"image.default\">\n\t\t\t\t\t\t\t\t\t\t\t\t\t\t\t<img loading=\"lazy\" decoding=\"async\" width=\"800\" height=\"341\" src=\"https:\/\/ballercode.de\/wp-content\/uploads\/2025\/09\/tEAMSPORT-NEU-1024x436.png\" class=\"attachment-large size-large wp-image-176\" alt=\"\" srcset=\"https:\/\/ballercode.de\/wp-content\/uploads\/2025\/09\/tEAMSPORT-NEU-1024x436.png 1024w, https:\/\/ballercode.de\/wp-content\/uploads\/2025\/09\/tEAMSPORT-NEU-300x128.png 300w, https:\/\/ballercode.de\/wp-content\/uploads\/2025\/09\/tEAMSPORT-NEU-768x327.png 768w, https:\/\/ballercode.de\/wp-content\/uploads\/2025\/09\/tEAMSPORT-NEU-1536x654.png 1536w, https:\/\/ballercode.de\/wp-content\/uploads\/2025\/09\/tEAMSPORT-NEU-2048x871.png 2048w\" sizes=\"(max-width: 800px) 100vw, 800px\" \/>\t\t\t\t\t\t\t\t\t\t\t\t\t\t\t<\/div>\n\t\t\t\t<div class=\"elementor-element elementor-element-2d8cc7b elementor-widget elementor-widget-image\" data-id=\"2d8cc7b\" data-element_type=\"widget\" data-e-type=\"widget\" data-widget_type=\"image.default\">\n\t\t\t\t\t\t\t\t\t\t\t\t\t\t\t<img loading=\"lazy\" decoding=\"async\" width=\"800\" height=\"341\" src=\"https:\/\/ballercode.de\/wp-content\/uploads\/2025\/09\/RV-Versicherung-1024x436.png\" class=\"attachment-large size-large wp-image-172\" alt=\"\" srcset=\"https:\/\/ballercode.de\/wp-content\/uploads\/2025\/09\/RV-Versicherung-1024x436.png 1024w, https:\/\/ballercode.de\/wp-content\/uploads\/2025\/09\/RV-Versicherung-300x128.png 300w, https:\/\/ballercode.de\/wp-content\/uploads\/2025\/09\/RV-Versicherung-768x327.png 768w, https:\/\/ballercode.de\/wp-content\/uploads\/2025\/09\/RV-Versicherung-1536x654.png 1536w, https:\/\/ballercode.de\/wp-content\/uploads\/2025\/09\/RV-Versicherung-2048x871.png 2048w\" sizes=\"(max-width: 800px) 100vw, 800px\" \/>\t\t\t\t\t\t\t\t\t\t\t\t\t\t\t<\/div>\n\t\t\t\t<div class=\"elementor-element elementor-element-5bd6c4b elementor-widget elementor-widget-image\" data-id=\"5bd6c4b\" data-element_type=\"widget\" data-e-type=\"widget\" data-widget_type=\"image.default\">\n\t\t\t\t\t\t\t\t\t\t\t\t\t\t\t<img loading=\"lazy\" decoding=\"async\" width=\"614\" height=\"586\" src=\"https:\/\/ballercode.de\/wp-content\/uploads\/2026\/01\/Bild-02.01.26-um-20.14.jpeg\" class=\"attachment-large size-large wp-image-738\" alt=\"\" \/>\t\t\t\t\t\t\t\t\t\t\t\t\t\t\t<\/div>\n\t\t\t\t<div class=\"elementor-element elementor-element-1017c64 elementor-widget elementor-widget-image\" data-id=\"1017c64\" data-element_type=\"widget\" data-e-type=\"widget\" data-widget_type=\"image.default\">\n\t\t\t\t\t\t\t\t\t\t\t\t\t\t\t<img loading=\"lazy\" decoding=\"async\" width=\"800\" height=\"384\" src=\"https:\/\/ballercode.de\/wp-content\/uploads\/2026\/02\/Bild-06.02.26-um-21.12-1024x492.png\" class=\"attachment-large size-large wp-image-1038\" alt=\"\" srcset=\"https:\/\/ballercode.de\/wp-content\/uploads\/2026\/02\/Bild-06.02.26-um-21.12-1024x492.png 1024w, https:\/\/ballercode.de\/wp-content\/uploads\/2026\/02\/Bild-06.02.26-um-21.12-300x144.png 300w, https:\/\/ballercode.de\/wp-content\/uploads\/2026\/02\/Bild-06.02.26-um-21.12-768x369.png 768w, https:\/\/ballercode.de\/wp-content\/uploads\/2026\/02\/Bild-06.02.26-um-21.12-1536x737.png 1536w, https:\/\/ballercode.de\/wp-content\/uploads\/2026\/02\/Bild-06.02.26-um-21.12.png 1554w\" sizes=\"(max-width: 800px) 100vw, 800px\" \/>\t\t\t\t\t\t\t\t\t\t\t\t\t\t\t<\/div>\n\t\t\t\t<div class=\"elementor-element elementor-element-1065612 elementor-widget elementor-widget-image\" data-id=\"1065612\" data-element_type=\"widget\" data-e-type=\"widget\" data-widget_type=\"image.default\">\n\t\t\t\t\t\t\t\t\t\t\t\t\t\t\t<img decoding=\"async\" src=\"http:\/\/ballercode.de\/wp-content\/uploads\/2025\/09\/Baller-Code_Logo_weiss_04-09-2025-01.png\" title=\"\" alt=\"\" loading=\"lazy\" \/>\t\t\t\t\t\t\t\t\t\t\t\t\t\t\t<\/div>\n\t\t\t\t<div class=\"elementor-element elementor-element-7192a2e elementor-widget elementor-widget-image\" data-id=\"7192a2e\" data-element_type=\"widget\" data-e-type=\"widget\" data-widget_type=\"image.default\">\n\t\t\t\t\t\t\t\t\t\t\t\t\t\t\t<img decoding=\"async\" src=\"http:\/\/ballercode.de\/wp-content\/uploads\/2025\/09\/Baller-Code_Logo_weiss_04-09-2025-01.png\" title=\"\" alt=\"\" loading=\"lazy\" \/>\t\t\t\t\t\t\t\t\t\t\t\t\t\t\t<\/div>\n\t\t\t\t<div class=\"elementor-element elementor-element-a5139f9 elementor-widget elementor-widget-image\" data-id=\"a5139f9\" data-element_type=\"widget\" data-e-type=\"widget\" data-widget_type=\"image.default\">\n\t\t\t\t\t\t\t\t\t\t\t\t\t\t\t<img decoding=\"async\" src=\"http:\/\/ballercode.de\/wp-content\/uploads\/2025\/09\/Baller-Code_Logo_weiss_04-09-2025-01.png\" title=\"\" alt=\"\" loading=\"lazy\" \/>\t\t\t\t\t\t\t\t\t\t\t\t\t\t\t<\/div>\n\t\t\t\t\t<\/div>\n\t\t\t\t<\/div>\n\t\t<div class=\"elementor-element elementor-element-903fc77 e-flex e-con-boxed e-con e-parent\" data-id=\"903fc77\" data-element_type=\"container\" data-e-type=\"container\">\n\t\t\t\t\t<div class=\"e-con-inner\">\n\t\t\t\t<div class=\"elementor-element elementor-element-c9e285b elementor-widget elementor-widget-text-editor\" data-id=\"c9e285b\" data-element_type=\"widget\" data-e-type=\"widget\" data-widget_type=\"text-editor.default\">\n\t\t\t\t\t\t\t\t\t<p style=\"text-align: center;\">Zwischen dem Fu\u00dfball und unseren Partnern aus der regionalen Wirtschaft schaffen wir Synergien, die positive Effekte f\u00fcr beide Seiten haben k\u00f6nnen. Wir haben dazu nicht nur ein paar vage Ideen, sondern schon konkrete Vorstellungen und Ziele.<\/p>\t\t\t\t\t\t\t\t<\/div>\n\t\t\t\t<div class=\"elementor-element elementor-element-5890d8d elementor-widget elementor-widget-button\" data-id=\"5890d8d\" data-element_type=\"widget\" data-e-type=\"widget\" data-widget_type=\"button.default\">\n\t\t\t\t\t\t\t\t\t\t<a class=\"elementor-button elementor-button-link elementor-size-sm\" href=\"https:\/\/ballercode.de\/index.php\/kontakt\/\">\n\t\t\t\t\t\t<span class=\"elementor-button-content-wrapper\">\n\t\t\t\t\t\t\t\t\t<span class=\"elementor-button-text\">Kontaktiert uns oder sprecht uns gerne jederzeit an!<\/span>\n\t\t\t\t\t<\/span>\n\t\t\t\t\t<\/a>\n\t\t\t\t\t\t\t\t<\/div>\n\t\t\t\t\t<\/div>\n\t\t\t\t<\/div>\n\t\t\t\t<\/div>\n\t\t","protected":false},"excerpt":{"rendered":"<p>Unsere Partner Home Unsere Partner Unsere Partner. in der region. echte Profis. aller Anfang ist schwer. Und ohne die n\u00f6tige Unterst\u00fctzung kaum zu meistern. Vielen Dank deshalb an den Supporters Club! Zwischen dem Fu\u00dfball und unseren Partnern aus der regionalen Wirtschaft schaffen wir Synergien, die positive Effekte f\u00fcr beide Seiten haben k\u00f6nnen. Wir haben dazu [&hellip;]<\/p>\n","protected":false},"author":2,"featured_media":0,"parent":0,"menu_order":0,"comment_status":"closed","ping_status":"closed","template":"","meta":{"footnotes":""},"class_list":["post-986","page","type-page","status-publish","hentry"],"yoast_head":"<!-- This site is optimized with the Yoast SEO plugin v27.3 - https:\/\/yoast.com\/product\/yoast-seo-wordpress\/ -->\n<title>Unsere Partner - Baller Code<\/title>\n<meta name=\"robots\" content=\"index, follow, max-snippet:-1, max-image-preview:large, max-video-preview:-1\" \/>\n<link rel=\"canonical\" href=\"https:\/\/ballercode.de\/index.php\/unsere-partner\/\" \/>\n<meta property=\"og:locale\" content=\"de_DE\" \/>\n<meta property=\"og:type\" content=\"article\" \/>\n<meta property=\"og:title\" content=\"Unsere Partner - Baller Code\" \/>\n<meta property=\"og:description\" content=\"Unsere Partner Home Unsere Partner Unsere Partner. in der region. echte Profis. aller Anfang ist schwer. Und ohne die n\u00f6tige Unterst\u00fctzung kaum zu meistern. Vielen Dank deshalb an den Supporters Club! Zwischen dem Fu\u00dfball und unseren Partnern aus der regionalen Wirtschaft schaffen wir Synergien, die positive Effekte f\u00fcr beide Seiten haben k\u00f6nnen. Wir haben dazu [&hellip;]\" \/>\n<meta property=\"og:url\" content=\"https:\/\/ballercode.de\/index.php\/unsere-partner\/\" \/>\n<meta property=\"og:site_name\" content=\"Baller Code\" \/>\n<meta property=\"article:modified_time\" content=\"2026-02-07T11:22:27+00:00\" \/>\n<meta property=\"og:image\" content=\"http:\/\/ballercode.de\/wp-content\/uploads\/2025\/09\/Ornament-668EUE.png\" \/>\n<meta name=\"twitter:card\" content=\"summary_large_image\" \/>\n<meta name=\"twitter:label1\" content=\"Gesch\u00e4tzte Lesezeit\" \/>\n\t<meta name=\"twitter:data1\" content=\"1\u00a0Minute\" \/>\n<script type=\"application\/ld+json\" class=\"yoast-schema-graph\">{\"@context\":\"https:\\\/\\\/schema.org\",\"@graph\":[{\"@type\":\"WebPage\",\"@id\":\"https:\\\/\\\/ballercode.de\\\/index.php\\\/unsere-partner\\\/\",\"url\":\"https:\\\/\\\/ballercode.de\\\/index.php\\\/unsere-partner\\\/\",\"name\":\"Unsere Partner - Baller Code\",\"isPartOf\":{\"@id\":\"https:\\\/\\\/ballercode.de\\\/#website\"},\"primaryImageOfPage\":{\"@id\":\"https:\\\/\\\/ballercode.de\\\/index.php\\\/unsere-partner\\\/#primaryimage\"},\"image\":{\"@id\":\"https:\\\/\\\/ballercode.de\\\/index.php\\\/unsere-partner\\\/#primaryimage\"},\"thumbnailUrl\":\"http:\\\/\\\/ballercode.de\\\/wp-content\\\/uploads\\\/2025\\\/09\\\/Ornament-668EUE.png\",\"datePublished\":\"2026-02-04T17:38:26+00:00\",\"dateModified\":\"2026-02-07T11:22:27+00:00\",\"breadcrumb\":{\"@id\":\"https:\\\/\\\/ballercode.de\\\/index.php\\\/unsere-partner\\\/#breadcrumb\"},\"inLanguage\":\"de\",\"potentialAction\":[{\"@type\":\"ReadAction\",\"target\":[\"https:\\\/\\\/ballercode.de\\\/index.php\\\/unsere-partner\\\/\"]}]},{\"@type\":\"ImageObject\",\"inLanguage\":\"de\",\"@id\":\"https:\\\/\\\/ballercode.de\\\/index.php\\\/unsere-partner\\\/#primaryimage\",\"url\":\"https:\\\/\\\/ballercode.de\\\/wp-content\\\/uploads\\\/2025\\\/09\\\/Ornament-668EUE.png\",\"contentUrl\":\"https:\\\/\\\/ballercode.de\\\/wp-content\\\/uploads\\\/2025\\\/09\\\/Ornament-668EUE.png\",\"width\":924,\"height\":924},{\"@type\":\"BreadcrumbList\",\"@id\":\"https:\\\/\\\/ballercode.de\\\/index.php\\\/unsere-partner\\\/#breadcrumb\",\"itemListElement\":[{\"@type\":\"ListItem\",\"position\":1,\"name\":\"Startseite\",\"item\":\"https:\\\/\\\/ballercode.de\\\/\"},{\"@type\":\"ListItem\",\"position\":2,\"name\":\"Unsere Partner\"}]},{\"@type\":\"WebSite\",\"@id\":\"https:\\\/\\\/ballercode.de\\\/#website\",\"url\":\"https:\\\/\\\/ballercode.de\\\/\",\"name\":\"Baller Code\",\"description\":\"\",\"potentialAction\":[{\"@type\":\"SearchAction\",\"target\":{\"@type\":\"EntryPoint\",\"urlTemplate\":\"https:\\\/\\\/ballercode.de\\\/?s={search_term_string}\"},\"query-input\":{\"@type\":\"PropertyValueSpecification\",\"valueRequired\":true,\"valueName\":\"search_term_string\"}}],\"inLanguage\":\"de\"}]}<\/script>\n<!-- \/ Yoast SEO plugin. -->","yoast_head_json":{"title":"Unsere Partner - Baller Code","robots":{"index":"index","follow":"follow","max-snippet":"max-snippet:-1","max-image-preview":"max-image-preview:large","max-video-preview":"max-video-preview:-1"},"canonical":"https:\/\/ballercode.de\/index.php\/unsere-partner\/","og_locale":"de_DE","og_type":"article","og_title":"Unsere Partner - Baller Code","og_description":"Unsere Partner Home Unsere Partner Unsere Partner. in der region. echte Profis. aller Anfang ist schwer. Und ohne die n\u00f6tige Unterst\u00fctzung kaum zu meistern. Vielen Dank deshalb an den Supporters Club! Zwischen dem Fu\u00dfball und unseren Partnern aus der regionalen Wirtschaft schaffen wir Synergien, die positive Effekte f\u00fcr beide Seiten haben k\u00f6nnen. Wir haben dazu [&hellip;]","og_url":"https:\/\/ballercode.de\/index.php\/unsere-partner\/","og_site_name":"Baller Code","article_modified_time":"2026-02-07T11:22:27+00:00","og_image":[{"url":"http:\/\/ballercode.de\/wp-content\/uploads\/2025\/09\/Ornament-668EUE.png","type":"","width":"","height":""}],"twitter_card":"summary_large_image","twitter_misc":{"Gesch\u00e4tzte Lesezeit":"1\u00a0Minute"},"schema":{"@context":"https:\/\/schema.org","@graph":[{"@type":"WebPage","@id":"https:\/\/ballercode.de\/index.php\/unsere-partner\/","url":"https:\/\/ballercode.de\/index.php\/unsere-partner\/","name":"Unsere Partner - Baller Code","isPartOf":{"@id":"https:\/\/ballercode.de\/#website"},"primaryImageOfPage":{"@id":"https:\/\/ballercode.de\/index.php\/unsere-partner\/#primaryimage"},"image":{"@id":"https:\/\/ballercode.de\/index.php\/unsere-partner\/#primaryimage"},"thumbnailUrl":"http:\/\/ballercode.de\/wp-content\/uploads\/2025\/09\/Ornament-668EUE.png","datePublished":"2026-02-04T17:38:26+00:00","dateModified":"2026-02-07T11:22:27+00:00","breadcrumb":{"@id":"https:\/\/ballercode.de\/index.php\/unsere-partner\/#breadcrumb"},"inLanguage":"de","potentialAction":[{"@type":"ReadAction","target":["https:\/\/ballercode.de\/index.php\/unsere-partner\/"]}]},{"@type":"ImageObject","inLanguage":"de","@id":"https:\/\/ballercode.de\/index.php\/unsere-partner\/#primaryimage","url":"https:\/\/ballercode.de\/wp-content\/uploads\/2025\/09\/Ornament-668EUE.png","contentUrl":"https:\/\/ballercode.de\/wp-content\/uploads\/2025\/09\/Ornament-668EUE.png","width":924,"height":924},{"@type":"BreadcrumbList","@id":"https:\/\/ballercode.de\/index.php\/unsere-partner\/#breadcrumb","itemListElement":[{"@type":"ListItem","position":1,"name":"Startseite","item":"https:\/\/ballercode.de\/"},{"@type":"ListItem","position":2,"name":"Unsere Partner"}]},{"@type":"WebSite","@id":"https:\/\/ballercode.de\/#website","url":"https:\/\/ballercode.de\/","name":"Baller Code","description":"","potentialAction":[{"@type":"SearchAction","target":{"@type":"EntryPoint","urlTemplate":"https:\/\/ballercode.de\/?s={search_term_string}"},"query-input":{"@type":"PropertyValueSpecification","valueRequired":true,"valueName":"search_term_string"}}],"inLanguage":"de"}]}},"_links":{"self":[{"href":"https:\/\/ballercode.de\/index.php\/wp-json\/wp\/v2\/pages\/986","targetHints":{"allow":["GET"]}}],"collection":[{"href":"https:\/\/ballercode.de\/index.php\/wp-json\/wp\/v2\/pages"}],"about":[{"href":"https:\/\/ballercode.de\/index.php\/wp-json\/wp\/v2\/types\/page"}],"author":[{"embeddable":true,"href":"https:\/\/ballercode.de\/index.php\/wp-json\/wp\/v2\/users\/2"}],"replies":[{"embeddable":true,"href":"https:\/\/ballercode.de\/index.php\/wp-json\/wp\/v2\/comments?post=986"}],"version-history":[{"count":28,"href":"https:\/\/ballercode.de\/index.php\/wp-json\/wp\/v2\/pages\/986\/revisions"}],"predecessor-version":[{"id":1047,"href":"https:\/\/ballercode.de\/index.php\/wp-json\/wp\/v2\/pages\/986\/revisions\/1047"}],"wp:attachment":[{"href":"https:\/\/ballercode.de\/index.php\/wp-json\/wp\/v2\/media?parent=986"}],"curies":[{"name":"wp","href":"https:\/\/api.w.org\/{rel}","templated":true}]}}